{"id":85,"date":"2021-06-21T16:57:22","date_gmt":"2021-06-21T19:57:22","guid":{"rendered":"https:\/\/www.mjp.emp.br\/personalizados\/pagina-inicial\/"},"modified":"2022-12-16T13:59:02","modified_gmt":"2022-12-16T16:59:02","slug":"pagina-inicial","status":"publish","type":"page","link":"https:\/\/www.mjp.emp.br\/personalizados\/","title":{"rendered":"P\u00e1gina inicial"},"content":{"rendered":"\n<section class=\"wp-block-uagb-container uagb-block-2d82c2f4 alignfull uagb-is-root-container\"><div class=\"uagb-container-inner-blocks-wrap\">\n<div class=\"wp-block-uagb-info-box uagb-block-82534c2e uagb-infobox__content-wrap  uagb-infobox-icon-above-title uagb-infobox-image-valign-top uagb-infobox__outer-wrap\"><div class=\"uagb-ifb-content\"><div class=\"uagb-ifb-icon-wrap\"><svg xmlns=\"https:\/\/www.w3.org\/2000\/svg\" viewBox=\"0 0 448 512\"><path d=\"M448 336v-288C448 21.49 426.5 0 400 0H96C42.98 0 0 42.98 0 96v320c0 53.02 42.98 96 96 96h320c17.67 0 32-14.33 32-31.1c0-11.72-6.607-21.52-16-27.1v-81.36C441.8 362.8 448 350.2 448 336zM144 144c0-8.875 7.125-15.1 16-15.1L208 128V80c0-8.875 7.125-15.1 16-15.1l32 .0009c8.875 0 16 7.12 16 15.1V128L320 128c8.875 0 16 7.121 16 15.1v32c0 8.875-7.125 16-16 16L272 192v112c0 8.875-7.125 16-16 16l-32-.0002c-8.875 0-16-7.127-16-16V192L160 192c-8.875 0-16-7.127-16-16V144zM384 448H96c-17.67 0-32-14.33-32-32c0-17.67 14.33-32 32-32h288V448z\"><\/path><\/svg><\/div><div class=\"uagb-ifb-title-wrap\"><h3 class=\"uagb-ifb-title\"><strong>O Natal est\u00e1 chegando<\/strong><\/h3><\/div><p class=\"uagb-ifb-desc\">Escolha um de nossos cadernos para <br>presentear uma pessoa ESPECIAL!!!<\/p><div class=\"uagb-ifb-button-wrapper wp-block-button\"><a href=\"https:\/\/www.mjp.emp.br\/personalizados\/categoria-produto\/religiao\/\" class=\"uagb-infobox-cta-link wp-block-button__link\" target=\"_self\" rel=\"noopener noreferrer\" alt=\"\"><svg xmlns=\"https:\/\/www.w3.org\/2000\/svg\" viewBox=\"0 0 448 512\"><path d=\"M288 288c17.69 0 32-14.33 32-32V192c0-17.67-14.31-32-32-32s-32 14.33-32 32v64C256 273.7 270.3 288 288 288zM224 244.4V160c0-17.67-14.31-32-32-32S160 142.3 160 160v80h40C208.5 240 216.5 241.7 224 244.4zM128 240V32c0-17.67-14.31-32-32-32S64 14.33 64 32v208.8C66.66 240.5 69.26 240 72 240H128zM384 192c-17.69 0-32 14.33-32 32v64c0 17.67 14.31 32 32 32s32-14.33 32-32V224C416 206.3 401.7 192 384 192zM323.8 309C313.6 315.1 301.3 320 288 320c-5.766 0-11.24-1.08-16.55-2.51C268.6 354.6 237.9 384 200 384H127.1C119.2 384 112 376.8 112 368S119.2 352 127.1 352l69.72 .0001c15.52 0 42.28-11.29 42.28-40C239.1 289.9 222.1 272 200 272h-128C49.91 272 32 289.9 32 312v63.41c0 33.13 16 64.56 42.81 84.13l36.41 26.45C134.5 502.9 162.5 512 191.3 512H280c75.11 0 136-60.89 136-136v-32.88C406.6 348.6 395.7 352 384 352C356.1 352 332.6 333.1 323.8 309z\"><\/path><\/svg><span class=\"uagb-inline-editing\">Escolha AGORA!!!<\/span><\/a><\/div><\/div><\/div>\n<\/div><\/section>\n\n\n\n<h2 class=\"has-text-align-center wp-block-heading\" id=\"produtos-em-destaque\">Produtos em destaque<\/h2>\n\n\n<div data-block-name=\"woocommerce\/handpicked-products\" data-columns=\"4\" data-products=\"[1118,1134,1166,1158]\" class=\"wc-block-grid wp-block-handpicked-products wc-block-handpicked-products has-4-columns has-multiple-rows\"><ul class=\"wc-block-grid__products\"><li class=\"wc-block-grid__product\">\n\t\t\t\t<a href=\"https:\/\/www.mjp.emp.br\/personalizados\/produto\/caderno-personalizado-a5-religiao-terco-sobre-a-biblia-a-luz-de-velas-01\/\" class=\"wc-block-grid__product-link\">\n\t\t\t\t\t\n\t\t\t\t\t<div class=\"wc-block-grid__product-image\"><img loading=\"lazy\" decoding=\"async\" width=\"300\" height=\"300\" src=\"https:\/\/www.mjp.emp.br\/personalizados\/wp-content\/uploads\/2022\/09\/MJPp-capa-caderno-A5-Terco-sobre-a-Biblia-a-luz-de-velas-01-prd-300x300.jpg\" class=\"attachment-woocommerce_thumbnail size-woocommerce_thumbnail\" alt=\"MJPp - capa caderno A5 - Ter\u00e7o sobre a B\u00edblia a luz de velas 01\" srcset=\"https:\/\/www.mjp.emp.br\/personalizados\/wp-content\/uploads\/2022\/09\/MJPp-capa-caderno-A5-Terco-sobre-a-Biblia-a-luz-de-velas-01-prd-300x300.jpg 300w, https:\/\/www.mjp.emp.br\/personalizados\/wp-content\/uploads\/2022\/09\/MJPp-capa-caderno-A5-Terco-sobre-a-Biblia-a-luz-de-velas-01-prd-150x150.jpg 150w, https:\/\/www.mjp.emp.br\/personalizados\/wp-content\/uploads\/2022\/09\/MJPp-capa-caderno-A5-Terco-sobre-a-Biblia-a-luz-de-velas-01-prd-100x100.jpg 100w\" sizes=\"(max-width: 300px) 100vw, 300px\" \/><\/div>\n\t\t\t\t\t<div class=\"wc-block-grid__product-title\">Caderno Personalizado A5 &#8211; Religi\u00e3o &#8211; Ter\u00e7o Sobre a B\u00edblia a Luz de Velas 01<\/div>\n\t\t\t\t<\/a>\n\t\t\t\t<div class=\"wc-block-grid__product-price price\"><span class=\"woocommerce-Price-amount amount\"><span class=\"woocommerce-Price-currencySymbol\">&#082;&#036;<\/span>25,00<\/span> &ndash; <span class=\"woocommerce-Price-amount amount\"><span class=\"woocommerce-Price-currencySymbol\">&#082;&#036;<\/span>35,00<\/span><\/div>\n\t\t\t\t\n\t\t\t\t<div class=\"wp-block-button wc-block-grid__product-add-to-cart\"><a href=\"https:\/\/www.mjp.emp.br\/personalizados\/produto\/caderno-personalizado-a5-religiao-terco-sobre-a-biblia-a-luz-de-velas-01\/\" aria-label=\"Selecione as op\u00e7\u00f5es para &ldquo;Caderno Personalizado A5 - Religi\u00e3o - Ter\u00e7o Sobre a B\u00edblia a Luz de Velas 01&rdquo;\" data-quantity=\"1\" data-product_id=\"1166\" data-product_sku=\"\" data-price=\"25\" rel=\"nofollow\" class=\"wp-block-button__link  add_to_cart_button\">Ver op\u00e7\u00f5es<\/a><\/div>\n\t\t\t<\/li><li class=\"wc-block-grid__product\">\n\t\t\t\t<a href=\"https:\/\/www.mjp.emp.br\/personalizados\/produto\/caderno-personalizado-a5-religiao-terco-sobre-a-biblia\/\" class=\"wc-block-grid__product-link\">\n\t\t\t\t\t\n\t\t\t\t\t<div class=\"wc-block-grid__product-image\"><img loading=\"lazy\" decoding=\"async\" width=\"300\" height=\"300\" src=\"https:\/\/www.mjp.emp.br\/personalizados\/wp-content\/uploads\/2022\/09\/MJPp-capa-caderno-A5-Terco-sobre-a-Biblia-01-prd-300x300.jpg\" class=\"attachment-woocommerce_thumbnail size-woocommerce_thumbnail\" alt=\"MJPp - capa caderno A5 - Ter\u00e7o sobre a B\u00edblia 01\" srcset=\"https:\/\/www.mjp.emp.br\/personalizados\/wp-content\/uploads\/2022\/09\/MJPp-capa-caderno-A5-Terco-sobre-a-Biblia-01-prd-300x300.jpg 300w, https:\/\/www.mjp.emp.br\/personalizados\/wp-content\/uploads\/2022\/09\/MJPp-capa-caderno-A5-Terco-sobre-a-Biblia-01-prd-150x150.jpg 150w, https:\/\/www.mjp.emp.br\/personalizados\/wp-content\/uploads\/2022\/09\/MJPp-capa-caderno-A5-Terco-sobre-a-Biblia-01-prd-100x100.jpg 100w\" sizes=\"(max-width: 300px) 100vw, 300px\" \/><\/div>\n\t\t\t\t\t<div class=\"wc-block-grid__product-title\">Caderno Personalizado A5 &#8211; Religi\u00e3o &#8211; Ter\u00e7o sobre a B\u00edblia<\/div>\n\t\t\t\t<\/a>\n\t\t\t\t<div class=\"wc-block-grid__product-price price\"><span class=\"woocommerce-Price-amount amount\"><span class=\"woocommerce-Price-currencySymbol\">&#082;&#036;<\/span>25,00<\/span> &ndash; <span class=\"woocommerce-Price-amount amount\"><span class=\"woocommerce-Price-currencySymbol\">&#082;&#036;<\/span>35,00<\/span><\/div>\n\t\t\t\t\n\t\t\t\t<div class=\"wp-block-button wc-block-grid__product-add-to-cart\"><a href=\"https:\/\/www.mjp.emp.br\/personalizados\/produto\/caderno-personalizado-a5-religiao-terco-sobre-a-biblia\/\" aria-label=\"Selecione as op\u00e7\u00f5es para &ldquo;Caderno Personalizado A5 - Religi\u00e3o - Ter\u00e7o sobre a B\u00edblia&rdquo;\" data-quantity=\"1\" data-product_id=\"1158\" data-product_sku=\"\" data-price=\"25\" rel=\"nofollow\" class=\"wp-block-button__link  add_to_cart_button\">Ver op\u00e7\u00f5es<\/a><\/div>\n\t\t\t<\/li><li class=\"wc-block-grid__product\">\n\t\t\t\t<a href=\"https:\/\/www.mjp.emp.br\/personalizados\/produto\/caderno-personalizado-a5-religiao-nossa-senhora-do-perpetuo-socorro\/\" class=\"wc-block-grid__product-link\">\n\t\t\t\t\t\n\t\t\t\t\t<div class=\"wc-block-grid__product-image\"><img loading=\"lazy\" decoding=\"async\" width=\"300\" height=\"300\" src=\"https:\/\/www.mjp.emp.br\/personalizados\/wp-content\/uploads\/2022\/09\/MJPp-capa-caderno-A5-Nossa-Senhora-do-Perpetuo-Socorro-01-prd-300x300.jpg\" class=\"attachment-woocommerce_thumbnail size-woocommerce_thumbnail\" alt=\"MJPp - capa caderno A5 - Nossa Senhora do Perp\u00e9tuo Socorro 01\" srcset=\"https:\/\/www.mjp.emp.br\/personalizados\/wp-content\/uploads\/2022\/09\/MJPp-capa-caderno-A5-Nossa-Senhora-do-Perpetuo-Socorro-01-prd-300x300.jpg 300w, https:\/\/www.mjp.emp.br\/personalizados\/wp-content\/uploads\/2022\/09\/MJPp-capa-caderno-A5-Nossa-Senhora-do-Perpetuo-Socorro-01-prd-150x150.jpg 150w, https:\/\/www.mjp.emp.br\/personalizados\/wp-content\/uploads\/2022\/09\/MJPp-capa-caderno-A5-Nossa-Senhora-do-Perpetuo-Socorro-01-prd-100x100.jpg 100w\" sizes=\"(max-width: 300px) 100vw, 300px\" \/><\/div>\n\t\t\t\t\t<div class=\"wc-block-grid__product-title\">Caderno Personalizado A5 &#8211; Religi\u00e3o &#8211; Nossa Senhora do Perp\u00e9tuo Socorro<\/div>\n\t\t\t\t<\/a>\n\t\t\t\t<div class=\"wc-block-grid__product-price price\"><span class=\"woocommerce-Price-amount amount\"><span class=\"woocommerce-Price-currencySymbol\">&#082;&#036;<\/span>25,00<\/span> &ndash; <span class=\"woocommerce-Price-amount amount\"><span class=\"woocommerce-Price-currencySymbol\">&#082;&#036;<\/span>35,00<\/span><\/div>\n\t\t\t\t\n\t\t\t\t<div class=\"wp-block-button wc-block-grid__product-add-to-cart\"><a href=\"https:\/\/www.mjp.emp.br\/personalizados\/produto\/caderno-personalizado-a5-religiao-nossa-senhora-do-perpetuo-socorro\/\" aria-label=\"Selecione as op\u00e7\u00f5es para &ldquo;Caderno Personalizado A5 - Religi\u00e3o - Nossa Senhora do Perp\u00e9tuo Socorro&rdquo;\" data-quantity=\"1\" data-product_id=\"1134\" data-product_sku=\"\" data-price=\"25\" rel=\"nofollow\" class=\"wp-block-button__link  add_to_cart_button\">Ver op\u00e7\u00f5es<\/a><\/div>\n\t\t\t<\/li><li class=\"wc-block-grid__product\">\n\t\t\t\t<a href=\"https:\/\/www.mjp.emp.br\/personalizados\/produto\/caderno-personalizado-a5-religiao-jesus-cristo\/\" class=\"wc-block-grid__product-link\">\n\t\t\t\t\t\n\t\t\t\t\t<div class=\"wc-block-grid__product-image\"><img loading=\"lazy\" decoding=\"async\" width=\"300\" height=\"300\" src=\"https:\/\/www.mjp.emp.br\/personalizados\/wp-content\/uploads\/2022\/09\/MJPp-capa-caderno-A5-Jesus-Cristo-01-prd-300x300.jpg\" class=\"attachment-woocommerce_thumbnail size-woocommerce_thumbnail\" alt=\"MJPp - capa caderno A5 - Jesus Cristo 01\" srcset=\"https:\/\/www.mjp.emp.br\/personalizados\/wp-content\/uploads\/2022\/09\/MJPp-capa-caderno-A5-Jesus-Cristo-01-prd-300x300.jpg 300w, https:\/\/www.mjp.emp.br\/personalizados\/wp-content\/uploads\/2022\/09\/MJPp-capa-caderno-A5-Jesus-Cristo-01-prd-150x150.jpg 150w, https:\/\/www.mjp.emp.br\/personalizados\/wp-content\/uploads\/2022\/09\/MJPp-capa-caderno-A5-Jesus-Cristo-01-prd-100x100.jpg 100w\" sizes=\"(max-width: 300px) 100vw, 300px\" \/><\/div>\n\t\t\t\t\t<div class=\"wc-block-grid__product-title\">Caderno Personalizado A5 &#8211; Religi\u00e3o &#8211; Jesus Cristo<\/div>\n\t\t\t\t<\/a>\n\t\t\t\t<div class=\"wc-block-grid__product-price price\"><span class=\"woocommerce-Price-amount amount\"><span class=\"woocommerce-Price-currencySymbol\">&#082;&#036;<\/span>25,00<\/span> &ndash; <span class=\"woocommerce-Price-amount amount\"><span class=\"woocommerce-Price-currencySymbol\">&#082;&#036;<\/span>35,00<\/span><\/div>\n\t\t\t\t\n\t\t\t\t<div class=\"wp-block-button wc-block-grid__product-add-to-cart\"><a href=\"https:\/\/www.mjp.emp.br\/personalizados\/produto\/caderno-personalizado-a5-religiao-jesus-cristo\/\" aria-label=\"Selecione as op\u00e7\u00f5es para &ldquo;Caderno Personalizado A5 - Religi\u00e3o - Jesus Cristo&rdquo;\" data-quantity=\"1\" data-product_id=\"1118\" data-product_sku=\"\" data-price=\"25\" rel=\"nofollow\" class=\"wp-block-button__link  add_to_cart_button\">Ver op\u00e7\u00f5es<\/a><\/div>\n\t\t\t<\/li><\/ul><\/div>\n\n<div data-block-name=\"woocommerce\/featured-product\" data-edit-mode=\"false\" data-focal-point=\"{&quot;x&quot;:&quot;0.49&quot;,&quot;y&quot;:&quot;0.27&quot;}\" data-product-id=\"293\" data-show-desc=\"false\" class=\"wc-block-featured-product alignnone has-background-dim wp-block-woocommerce-featured-product\" style=\"min-height:500px;\"><div class=\"wc-block-featured-product__wrapper\"><div class=\"background-dim__overlay\" style=\"background-color: #000000\"><\/div><img decoding=\"async\" alt=\"Caderno Personalizado Empresa - A5 - Capa Flex\u00edvel\" class=\"wc-block-featured-product__background-image\" src=\"https:\/\/www.mjp.emp.br\/personalizados\/wp-content\/uploads\/2021\/06\/caderno-logomarca-empresa-capa-768x1024.jpg\" style=\"object-fit: none;object-position: 49% 27%;\" \/><h2 class=\"wc-block-featured-product__title\">Caderno Personalizado Empresa &#8211; A5 &#8211; Capa Flex\u00edvel<\/h2><div class=\"wc-block-featured-product__price\"><span class=\"woocommerce-Price-amount amount\"><span class=\"woocommerce-Price-currencySymbol\">&#082;&#036;<\/span>6,50<\/span> &ndash; <span class=\"woocommerce-Price-amount amount\"><span class=\"woocommerce-Price-currencySymbol\">&#082;&#036;<\/span>14,50<\/span><\/div><div class=\"wc-block-featured-product__link\">\n\n<div class=\"wp-block-buttons is-layout-flex wp-block-buttons-is-layout-flex\">\n<div class=\"wp-block-button aligncenter\"><a class=\"wp-block-button__link wp-element-button\" href=\"https:\/\/www.mjp.emp.br\/personalizados\/produto\/caderno-personalizado-empresa-a5-capa-flexivel\/\">Compre agora<\/a><\/div>\n<\/div>\n\n<\/div><\/div><\/div>\n\n\n<section class=\"wp-block-uagb-section uagb-section__wrap uagb-section__background-undefined uagb-block-94cdc53f\"><div class=\"uagb-section__overlay\"><\/div><div class=\"uagb-section__inner-wrap\">\n<div class=\"wp-block-uagb-advanced-heading uagb-block-2b80b069\"><h2 class=\"uagb-heading-text\"><strong>N\u00e3o encontrou o que procurava?<\/strong><\/h2><p class=\"uagb-desc-text\">Entre em contato conosco pelo nosso WhatsApp ou redes sociais atrav\u00e9s dos links no rodap\u00e9 da p\u00e1gina<\/p><\/div>\n<\/div><\/section>\n","protected":false},"excerpt":{"rendered":"<p>Produtos em destaque<\/p>\n","protected":false},"author":1,"featured_media":0,"parent":0,"menu_order":0,"comment_status":"closed","ping_status":"closed","template":"","meta":{"_uag_custom_page_level_css":"","site-sidebar-layout":"no-sidebar","site-content-layout":"plain-container","ast-site-content-layout":"","site-content-style":"default","site-sidebar-style":"default","ast-global-header-display":"","ast-banner-title-visibility":"","ast-main-header-display":"","ast-hfb-above-header-display":"","ast-hfb-below-header-display":"","ast-hfb-mobile-header-display":"","site-post-title":"disabled","ast-breadcrumbs-content":"disabled","ast-featured-img":"disabled","footer-sml-layout":"","theme-transparent-header-meta":"default","adv-header-id-meta":"","stick-header-meta":"","header-above-stick-meta":"","header-main-stick-meta":"","header-below-stick-meta":"","astra-migrate-meta-layouts":"default","ast-page-background-enabled":"default","ast-page-background-meta":{"desktop":{"background-color":"","background-image":"","background-repeat":"repeat","background-position":"center center","background-size":"auto","background-attachment":"scroll","background-type":"","background-media":"","overlay-type":"","overlay-color":"","overlay-opacity":"","overlay-gradient":""},"tablet":{"background-color":"","background-image":"","background-repeat":"repeat","background-position":"center center","background-size":"auto","background-attachment":"scroll","background-type":"","background-media":"","overlay-type":"","overlay-color":"","overlay-opacity":"","overlay-gradient":""},"mobile":{"background-color":"","background-image":"","background-repeat":"repeat","background-position":"center center","background-size":"auto","background-attachment":"scroll","background-type":"","background-media":"","overlay-type":"","overlay-color":"","overlay-opacity":"","overlay-gradient":""}},"ast-content-background-meta":{"desktop":{"background-color":"var(--ast-global-color-5)","background-image":"","background-repeat":"repeat","background-position":"center center","background-size":"auto","background-attachment":"scroll","background-type":"","background-media":"","overlay-type":"","overlay-color":"","overlay-opacity":"","overlay-gradient":""},"tablet":{"background-color":"var(--ast-global-color-5)","background-image":"","background-repeat":"repeat","background-position":"center center","background-size":"auto","background-attachment":"scroll","background-type":"","background-media":"","overlay-type":"","overlay-color":"","overlay-opacity":"","overlay-gradient":""},"mobile":{"background-color":"var(--ast-global-color-5)","background-image":"","background-repeat":"repeat","background-position":"center center","background-size":"auto","background-attachment":"scroll","background-type":"","background-media":"","overlay-type":"","overlay-color":"","overlay-opacity":"","overlay-gradient":""}},"footnotes":""},"class_list":["post-85","page","type-page","status-publish","hentry"],"jetpack_sharing_enabled":true,"uagb_featured_image_src":{"full":false,"thumbnail":false,"medium":false,"medium_large":false,"large":false,"1536x1536":false,"2048x2048":false,"woocommerce_thumbnail":false,"woocommerce_single":false,"woocommerce_gallery_thumbnail":false},"uagb_author_info":{"display_name":"mjpAlvim","author_link":"https:\/\/www.mjp.emp.br\/personalizados\/author\/mjpalvim\/"},"uagb_comment_info":0,"uagb_excerpt":"Produtos em destaque","_links":{"self":[{"href":"https:\/\/www.mjp.emp.br\/personalizados\/wp-json\/wp\/v2\/pages\/85"}],"collection":[{"href":"https:\/\/www.mjp.emp.br\/personalizados\/wp-json\/wp\/v2\/pages"}],"about":[{"href":"https:\/\/www.mjp.emp.br\/personalizados\/wp-json\/wp\/v2\/types\/page"}],"author":[{"embeddable":true,"href":"https:\/\/www.mjp.emp.br\/personalizados\/wp-json\/wp\/v2\/users\/1"}],"replies":[{"embeddable":true,"href":"https:\/\/www.mjp.emp.br\/personalizados\/wp-json\/wp\/v2\/comments?post=85"}],"version-history":[{"count":201,"href":"https:\/\/www.mjp.emp.br\/personalizados\/wp-json\/wp\/v2\/pages\/85\/revisions"}],"predecessor-version":[{"id":1275,"href":"https:\/\/www.mjp.emp.br\/personalizados\/wp-json\/wp\/v2\/pages\/85\/revisions\/1275"}],"wp:attachment":[{"href":"https:\/\/www.mjp.emp.br\/personalizados\/wp-json\/wp\/v2\/media?parent=85"}],"curies":[{"name":"wp","href":"https:\/\/api.w.org\/{rel}","templated":true}]}}