{"id":1027,"date":"2022-05-12T21:18:13","date_gmt":"2022-05-13T00:18:13","guid":{"rendered":"https:\/\/www.mjp.emp.br\/personalizados\/?post_type=product&#038;p=1027"},"modified":"2024-08-02T17:23:31","modified_gmt":"2024-08-02T20:23:31","slug":"caderno-personalizado-a5-dia-dos-namorados-flork-voce-me-faz-tao-bem","status":"publish","type":"product","link":"https:\/\/www.mjp.emp.br\/personalizados\/produto\/caderno-personalizado-a5-dia-dos-namorados-flork-voce-me-faz-tao-bem\/","title":{"rendered":"Caderno Personalizado A5 \u2013 Dia dos Namorados \u2013 Flork \u2013 Voc\u00ea Me Faz T\u00e3o Bem"},"content":{"rendered":"<p><a href=\"https:\/\/www.mjp.emp.br\/personalizados\/categoria-produto\/colecao-dia-dos-namorados-2022\/\"><strong><em>Cole\u00e7\u00e3o Dia dos Namorados 2022<\/em><\/strong><\/a><\/p>\n<p>Caderno personalizado com o nome do seu namorado (da sua namorada) junto com o seu nome na capa. Capa dura impressa em papel fotogr\u00e1fico e com lamina\u00e7\u00e3o.<\/p>\n<p>Tamanho A5 &#8211; 14,5 x 21 cm (tamanho aproximado, pode haver pequenas altera\u00e7\u00f5es).<\/p>\n<p><strong>Miolo:<\/strong><\/p>\n<ul>\n<li><span style=\"font-size: 16px;\">Gramatura: 75g<\/span><\/li>\n<li>Tamanho das folhas do miolo: 14,5 x 21 cm<\/li>\n<li>As folhas internas poder\u00e3o ser escolhidas pelo cliente conforme os campos descritos abaixo:\n<ul>\n<li><strong>Quantidade de folhas<\/strong>\n<ul>\n<li>24 folhas<\/li>\n<li>48 folhas<\/li>\n<li>96 folhas<\/li>\n<\/ul>\n<\/li>\n<li><strong>Estilo do miolo\u00a0<\/strong>\n<ul>\n<li>liso<\/li>\n<li>pautado<\/li>\n<li>pontilhado<\/li>\n<li>quadriculado transparente<\/li>\n<li>quadriculado sombreado<\/li>\n<\/ul>\n<\/li>\n<li><strong>Cor da folha<\/strong>\n<ul>\n<li>branca<\/li>\n<li>rosa<\/li>\n<li>azul<\/li>\n<li>verde<\/li>\n<li>amarela<\/li>\n<li>marfim<\/li>\n<li>reciclado<\/li>\n<\/ul>\n<\/li>\n<\/ul>\n<\/li>\n<\/ul>\n<p>Encadernado com duplo anel (wire-o).<\/p>\n<p><span style=\"color: #00afaf;\"><strong>3 dias \u00fateis para produ\u00e7\u00e3o<\/strong><\/span><br \/>\n(ap\u00f3s aprova\u00e7\u00e3o da arte final)<\/p>\n<p><span style=\"color: #ff0000;\"><strong>ATEN\u00c7\u00c3O:<\/strong><\/span><\/p>\n<ul>\n<li>A imagem do produto \u00e9 meramente ilustrativa, podendo haver varia\u00e7\u00f5es, principalmente nas cores do produto impresso (a cor mostrada na tela <strong>n\u00e3o<\/strong> \u00e9 id\u00eantica a cor impressa).<\/li>\n<li><span style=\"font-size: 16px;\">O prazo de produ\u00e7\u00e3o poder\u00e1 sofrer altera\u00e7\u00f5es dependendo da quantidade de cadernos solicitados.<\/span><\/li>\n<li>N\u00e3o encontrou o tema desejado, entre em contato para estudarmos a possibilidade de inclu\u00ed-lo.<\/li>\n<\/ul>\n<h3><span style=\"color: #af0000;\">Passo a passo<\/span><\/h3>\n<ol>\n<li>Fa\u00e7a as suas escolhas na p\u00e1gina do produto;<\/li>\n<li>Finalize a compra e efetue o pagamento;<\/li>\n<li>Ap\u00f3s a libera\u00e7\u00e3o do pagamento, entraremos em contato, atrav\u00e9s do <strong>e-mail de cadastro,<\/strong> para que nos envie o nome a ser impresso na capa.<\/li>\n<li>Elaboraremos a arte final da capa e enviaremos para sua aprova\u00e7\u00e3o.<\/li>\n<li>Ap\u00f3s a aprova\u00e7\u00e3o da arte final da capa, pelo cliente, iniciaremos a produ\u00e7\u00e3o.<\/li>\n<\/ol>\n","protected":false},"excerpt":{"rendered":"<p><a href=\"https:\/\/www.mjp.emp.br\/personalizados\/categoria-produto\/colecao-dia-dos-namorados-2022\/\"><strong><em>Cole\u00e7\u00e3o Dia dos Namorados 2022<\/em><\/strong><\/a><\/p>\n<p>Caderno personalizado com o nome do seu namorado (da sua namorada) junto com o seu nome na capa. Capa dura impressa em papel fotogr\u00e1fico e com lamina\u00e7\u00e3o.<\/p>\n<p><strong style=\"font-size: 16px;\">N\u00e3o encontrou o tema desejado!<\/strong><span style=\"font-size: 16px;\"> Entre em contato para estudarmos a possibilidade de inclu\u00ed-lo.<\/span><\/p>\n<p><span style=\"color: #00afaf;\"><strong>3 dias \u00fateis para produ\u00e7\u00e3o<\/strong><\/span><br \/>\n(ap\u00f3s libera\u00e7\u00e3o da arte final)<\/p>\n<p>Veja mais detalhes na descri\u00e7\u00e3o do produto.<\/p>\n","protected":false},"featured_media":1029,"comment_status":"open","ping_status":"closed","template":"","meta":{"_uag_custom_page_level_css":"","site-sidebar-layout":"default","site-content-layout":"default","ast-site-content-layout":"","site-content-style":"default","site-sidebar-style":"default","ast-global-header-display":"","ast-banner-title-visibility":"","ast-main-header-display":"","ast-hfb-above-header-display":"","ast-hfb-below-header-display":"","ast-hfb-mobile-header-display":"","site-post-title":"","ast-breadcrumbs-content":"","ast-featured-img":"","footer-sml-layout":"","theme-transparent-header-meta":"default","adv-header-id-meta":"","stick-header-meta":"","header-above-stick-meta":"","header-main-stick-meta":"","header-below-stick-meta":"","astra-migrate-meta-layouts":"default","ast-page-background-enabled":"default","ast-page-background-meta":{"desktop":{"background-color":"","background-image":"","background-repeat":"repeat","background-position":"center center","background-size":"auto","background-attachment":"scroll","background-type":"","background-media":"","overlay-type":"","overlay-color":"","overlay-opacity":"","overlay-gradient":""},"tablet":{"background-color":"","background-image":"","background-repeat":"repeat","background-position":"center center","background-size":"auto","background-attachment":"scroll","background-type":"","background-media":"","overlay-type":"","overlay-color":"","overlay-opacity":"","overlay-gradient":""},"mobile":{"background-color":"","background-image":"","background-repeat":"repeat","background-position":"center center","background-size":"auto","background-attachment":"scroll","background-type":"","background-media":"","overlay-type":"","overlay-color":"","overlay-opacity":"","overlay-gradient":""}},"ast-content-background-meta":{"desktop":{"background-color":"var(--ast-global-color-5)","background-image":"","background-repeat":"repeat","background-position":"center center","background-size":"auto","background-attachment":"scroll","background-type":"","background-media":"","overlay-type":"","overlay-color":"","overlay-opacity":"","overlay-gradient":""},"tablet":{"background-color":"var(--ast-global-color-5)","background-image":"","background-repeat":"repeat","background-position":"center center","background-size":"auto","background-attachment":"scroll","background-type":"","background-media":"","overlay-type":"","overlay-color":"","overlay-opacity":"","overlay-gradient":""},"mobile":{"background-color":"var(--ast-global-color-5)","background-image":"","background-repeat":"repeat","background-position":"center center","background-size":"auto","background-attachment":"scroll","background-type":"","background-media":"","overlay-type":"","overlay-color":"","overlay-opacity":"","overlay-gradient":""}}},"product_cat":[136,26,31],"product_tag":[],"class_list":{"0":"post-1027","1":"product","2":"type-product","3":"status-publish","4":"has-post-thumbnail","6":"product_cat-colecao-dia-dos-namorados-2022","7":"product_cat-cadernos-blocos-e-cia","8":"product_cat-presentes-e-lembrancinhas","9":"desktop-align-left","10":"tablet-align-left","11":"mobile-align-left","13":"first","14":"outofstock","15":"shipping-taxable","16":"purchasable","17":"product-type-variable"},"jetpack_sharing_enabled":true,"uagb_featured_image_src":{"full":["https:\/\/www.mjp.emp.br\/personalizados\/wp-content\/uploads\/2022\/05\/caderno-personalizado-A5-dia-dos-namorados-flork-voce-me-faz-tao-bem.jpg",1920,1440,false],"thumbnail":["https:\/\/www.mjp.emp.br\/personalizados\/wp-content\/uploads\/2022\/05\/caderno-personalizado-A5-dia-dos-namorados-flork-voce-me-faz-tao-bem-150x150.jpg",150,150,true],"medium":["https:\/\/www.mjp.emp.br\/personalizados\/wp-content\/uploads\/2022\/05\/caderno-personalizado-A5-dia-dos-namorados-flork-voce-me-faz-tao-bem-300x225.jpg",300,225,true],"medium_large":["https:\/\/www.mjp.emp.br\/personalizados\/wp-content\/uploads\/2022\/05\/caderno-personalizado-A5-dia-dos-namorados-flork-voce-me-faz-tao-bem-768x576.jpg",768,576,true],"large":["https:\/\/www.mjp.emp.br\/personalizados\/wp-content\/uploads\/2022\/05\/caderno-personalizado-A5-dia-dos-namorados-flork-voce-me-faz-tao-bem-1024x768.jpg",1024,768,true],"1536x1536":["https:\/\/www.mjp.emp.br\/personalizados\/wp-content\/uploads\/2022\/05\/caderno-personalizado-A5-dia-dos-namorados-flork-voce-me-faz-tao-bem-1536x1152.jpg",1536,1152,true],"2048x2048":["https:\/\/www.mjp.emp.br\/personalizados\/wp-content\/uploads\/2022\/05\/caderno-personalizado-A5-dia-dos-namorados-flork-voce-me-faz-tao-bem.jpg",1920,1440,false],"woocommerce_thumbnail":["https:\/\/www.mjp.emp.br\/personalizados\/wp-content\/uploads\/2022\/05\/caderno-personalizado-A5-dia-dos-namorados-flork-voce-me-faz-tao-bem-300x300.jpg",300,300,true],"woocommerce_single":["https:\/\/www.mjp.emp.br\/personalizados\/wp-content\/uploads\/2022\/05\/caderno-personalizado-A5-dia-dos-namorados-flork-voce-me-faz-tao-bem-600x450.jpg",600,450,true],"woocommerce_gallery_thumbnail":["https:\/\/www.mjp.emp.br\/personalizados\/wp-content\/uploads\/2022\/05\/caderno-personalizado-A5-dia-dos-namorados-flork-voce-me-faz-tao-bem-100x100.jpg",100,100,true]},"uagb_author_info":{"display_name":"mjpAlvim","author_link":"https:\/\/www.mjp.emp.br\/personalizados\/author\/"},"uagb_comment_info":0,"uagb_excerpt":"Cole\u00e7\u00e3o Dia dos Namorados 2022 Caderno personalizado com o nome do seu namorado (da sua namorada) junto com o seu nome na capa. Capa dura impressa em papel fotogr\u00e1fico e com lamina\u00e7\u00e3o. N\u00e3o encontrou o tema desejado! Entre em contato para estudarmos a possibilidade de inclu\u00ed-lo. 3 dias \u00fateis para produ\u00e7\u00e3o (ap\u00f3s libera\u00e7\u00e3o da arte&hellip;","_links":{"self":[{"href":"https:\/\/www.mjp.emp.br\/personalizados\/wp-json\/wp\/v2\/product\/1027"}],"collection":[{"href":"https:\/\/www.mjp.emp.br\/personalizados\/wp-json\/wp\/v2\/product"}],"about":[{"href":"https:\/\/www.mjp.emp.br\/personalizados\/wp-json\/wp\/v2\/types\/product"}],"replies":[{"embeddable":true,"href":"https:\/\/www.mjp.emp.br\/personalizados\/wp-json\/wp\/v2\/comments?post=1027"}],"wp:featuredmedia":[{"embeddable":true,"href":"https:\/\/www.mjp.emp.br\/personalizados\/wp-json\/wp\/v2\/media\/1029"}],"wp:attachment":[{"href":"https:\/\/www.mjp.emp.br\/personalizados\/wp-json\/wp\/v2\/media?parent=1027"}],"wp:term":[{"taxonomy":"product_cat","embeddable":true,"href":"https:\/\/www.mjp.emp.br\/personalizados\/wp-json\/wp\/v2\/product_cat?post=1027"},{"taxonomy":"product_tag","embeddable":true,"href":"https:\/\/www.mjp.emp.br\/personalizados\/wp-json\/wp\/v2\/product_tag?post=1027"}],"curies":[{"name":"wp","href":"https:\/\/api.w.org\/{rel}","templated":true}]}}