{"id":191,"date":"2021-06-27T16:27:19","date_gmt":"2021-06-27T19:27:19","guid":{"rendered":"https:\/\/www.mjp.emp.br\/personalizados\/?post_type=product&#038;p=191"},"modified":"2024-08-02T18:23:49","modified_gmt":"2024-08-02T21:23:49","slug":"bloco-de-notas-homem-aranha-a6-capa-flexivel","status":"publish","type":"product","link":"https:\/\/www.mjp.emp.br\/personalizados\/produto\/bloco-de-notas-homem-aranha-a6-capa-flexivel\/","title":{"rendered":"Bloco de Anota\u00e7\u00f5es Personalizado Homem Aranha &#8211; A6 &#8211; Capa Flex\u00edvel"},"content":{"rendered":"<div id=\"content\" class=\"site-content\">\n<div class=\"ast-container\">\n<div id=\"primary\" class=\"content-area primary\">\n<p><span style=\"font-size: 16px;\">Bloco de anota\u00e7\u00f5es personalizado com o seu nome na capa, no tema Homem Aranha. Capa flex\u00edvel impressa em papel fotogr\u00e1fico 230g e com lamina\u00e7\u00e3o brilho.<\/span><\/p>\n<p><span style=\"font-size: 16px;\">Tamanho A6 \u2013 10,5 x 14,8 cm (tamanho aproximado, podendo haver pequenas altera\u00e7\u00f5es).<\/span><\/p>\n<p><span style=\"font-size: 16px;\">Miolo:<\/span><\/p>\n<ul>\n<li><span style=\"font-size: 16px;\">Gramatura: 75g<\/span><\/li>\n<li>Folhas internas lisas da cor escolhida pelo cliente conforme descrito abaixo:\n<ul>\n<li><strong>Cor da folha<\/strong>\n<ul>\n<li>branca<\/li>\n<li>rosa<\/li>\n<li>azul<\/li>\n<li>verde<\/li>\n<li>amarela<\/li>\n<li>marfim<\/li>\n<li>reciclado<\/li>\n<\/ul>\n<\/li>\n<\/ul>\n<\/li>\n<\/ul>\n<p><span style=\"font-size: 16px;\">Encadernado com espiral<\/span><\/p>\n<p><span style=\"color: #ff0000;\"><strong>ATEN\u00c7\u00c3O:<\/strong><\/span><\/p>\n<ul>\n<li>A imagem do produto \u00e9 meramente ilustrativa, podendo haver varia\u00e7\u00f5es nas cores do produto impresso (a cor mostrada na tela <strong>n\u00e3o<\/strong> \u00e9 a mesma cor da impress\u00e3o).<\/li>\n<li><span style=\"font-size: 16px;\">Defina o nome a ser inclu\u00eddo na capa do bloco atrav\u00e9s do campo <\/span><span style=\"color: #af0000;\"><em><strong>\u201cNotas do pedido\u201d<\/strong><\/em><\/span><span style=\"font-size: 16px;\">\u00a0no final da p\u00e1gina\u00a0<\/span><span style=\"color: #af0000;\"><em><strong>\u201cFinalizar compra\u201d<\/strong><\/em><\/span><span style=\"font-size: 16px;\">. Inclua o texto <\/span><strong style=\"font-size: 16px;\">&#8220;sem nome&#8221;<\/strong><span style=\"font-size: 16px;\"> nesse campo caso n\u00e3o queira um nome na capa do bloco.<\/span><\/li>\n<\/ul>\n<p><strong style=\"color: #00afaf; font-size: 16px;\">2 dias \u00fateis para produ\u00e7\u00e3o<\/strong><br \/>\n(ap\u00f3s libera\u00e7\u00e3o do pagamento)<\/p>\n<\/div>\n<\/div>\n<\/div>\n","protected":false},"excerpt":{"rendered":"<div class=\"woocommerce-product-details__short-description\">\n<p>Bloco de anota\u00e7\u00f5es A6, personalizado com o seu nome na capa, no tema Homem Aranha. Capa flex\u00edvel impressa em papel fotogr\u00e1fico 230g e com lamina\u00e7\u00e3o brilho.<\/p>\n<p>Defina o nome a ser inclu\u00eddo na capa do bloco atrav\u00e9s do campo <span style=\"color: #af0000;\"><em><strong>\u201cNotas do pedido\u201d<\/strong><\/em>\u00a0<\/span>no final da p\u00e1gina\u00a0<span style=\"color: #af0000;\"><em><strong>\u201cFinalizar compra\u201d<\/strong><\/em><\/span>.<\/p>\n<p><span style=\"color: #00afaf;\"><strong>2 dias \u00fateis para produ\u00e7\u00e3o<\/strong><\/span><br \/>\n(ap\u00f3s libera\u00e7\u00e3o do pagamento)<\/p>\n<\/div>\n","protected":false},"featured_media":213,"comment_status":"open","ping_status":"closed","template":"","meta":{"_uag_custom_page_level_css":"","site-sidebar-layout":"default","site-content-layout":"default","ast-site-content-layout":"","site-content-style":"default","site-sidebar-style":"default","ast-global-header-display":"","ast-banner-title-visibility":"","ast-main-header-display":"","ast-hfb-above-header-display":"","ast-hfb-below-header-display":"","ast-hfb-mobile-header-display":"","site-post-title":"","ast-breadcrumbs-content":"","ast-featured-img":"","footer-sml-layout":"","theme-transparent-header-meta":"default","adv-header-id-meta":"","stick-header-meta":"","header-above-stick-meta":"","header-main-stick-meta":"","header-below-stick-meta":"","astra-migrate-meta-layouts":"default","ast-page-background-enabled":"default","ast-page-background-meta":{"desktop":{"background-color":"","background-image":"","background-repeat":"repeat","background-position":"center center","background-size":"auto","background-attachment":"scroll","background-type":"","background-media":"","overlay-type":"","overlay-color":"","overlay-opacity":"","overlay-gradient":""},"tablet":{"background-color":"","background-image":"","background-repeat":"repeat","background-position":"center center","background-size":"auto","background-attachment":"scroll","background-type":"","background-media":"","overlay-type":"","overlay-color":"","overlay-opacity":"","overlay-gradient":""},"mobile":{"background-color":"","background-image":"","background-repeat":"repeat","background-position":"center center","background-size":"auto","background-attachment":"scroll","background-type":"","background-media":"","overlay-type":"","overlay-color":"","overlay-opacity":"","overlay-gradient":""}},"ast-content-background-meta":{"desktop":{"background-color":"var(--ast-global-color-5)","background-image":"","background-repeat":"repeat","background-position":"center center","background-size":"auto","background-attachment":"scroll","background-type":"","background-media":"","overlay-type":"","overlay-color":"","overlay-opacity":"","overlay-gradient":""},"tablet":{"background-color":"var(--ast-global-color-5)","background-image":"","background-repeat":"repeat","background-position":"center center","background-size":"auto","background-attachment":"scroll","background-type":"","background-media":"","overlay-type":"","overlay-color":"","overlay-opacity":"","overlay-gradient":""},"mobile":{"background-color":"var(--ast-global-color-5)","background-image":"","background-repeat":"repeat","background-position":"center center","background-size":"auto","background-attachment":"scroll","background-type":"","background-media":"","overlay-type":"","overlay-color":"","overlay-opacity":"","overlay-gradient":""}}},"product_cat":[26,31],"product_tag":[],"class_list":{"0":"post-191","1":"product","2":"type-product","3":"status-publish","4":"has-post-thumbnail","6":"product_cat-cadernos-blocos-e-cia","7":"product_cat-presentes-e-lembrancinhas","8":"desktop-align-left","9":"tablet-align-left","10":"mobile-align-left","12":"first","13":"outofstock","14":"shipping-taxable","15":"purchasable","16":"product-type-variable"},"jetpack_sharing_enabled":true,"uagb_featured_image_src":{"full":["https:\/\/www.mjp.emp.br\/personalizados\/wp-content\/uploads\/2021\/06\/Bloco-de-anotacoes-Homem-Aranha-capa-1-scaled.jpg",1920,2560,false],"thumbnail":["https:\/\/www.mjp.emp.br\/personalizados\/wp-content\/uploads\/2021\/06\/Bloco-de-anotacoes-Homem-Aranha-capa-1-150x150.jpg",150,150,true],"medium":["https:\/\/www.mjp.emp.br\/personalizados\/wp-content\/uploads\/2021\/06\/Bloco-de-anotacoes-Homem-Aranha-capa-1-225x300.jpg",225,300,true],"medium_large":["https:\/\/www.mjp.emp.br\/personalizados\/wp-content\/uploads\/2021\/06\/Bloco-de-anotacoes-Homem-Aranha-capa-1-768x1024.jpg",768,1024,true],"large":["https:\/\/www.mjp.emp.br\/personalizados\/wp-content\/uploads\/2021\/06\/Bloco-de-anotacoes-Homem-Aranha-capa-1-768x1024.jpg",768,1024,true],"1536x1536":["https:\/\/www.mjp.emp.br\/personalizados\/wp-content\/uploads\/2021\/06\/Bloco-de-anotacoes-Homem-Aranha-capa-1-1152x1536.jpg",1152,1536,true],"2048x2048":["https:\/\/www.mjp.emp.br\/personalizados\/wp-content\/uploads\/2021\/06\/Bloco-de-anotacoes-Homem-Aranha-capa-1-1536x2048.jpg",1536,2048,true],"woocommerce_thumbnail":["https:\/\/www.mjp.emp.br\/personalizados\/wp-content\/uploads\/2021\/06\/Bloco-de-anotacoes-Homem-Aranha-capa-1-300x300.jpg",300,300,true],"woocommerce_single":["https:\/\/www.mjp.emp.br\/personalizados\/wp-content\/uploads\/2021\/06\/Bloco-de-anotacoes-Homem-Aranha-capa-1-600x800.jpg",600,800,true],"woocommerce_gallery_thumbnail":["https:\/\/www.mjp.emp.br\/personalizados\/wp-content\/uploads\/2021\/06\/Bloco-de-anotacoes-Homem-Aranha-capa-1-100x100.jpg",100,100,true]},"uagb_author_info":{"display_name":"mjpAlvim","author_link":"https:\/\/www.mjp.emp.br\/personalizados\/author\/"},"uagb_comment_info":0,"uagb_excerpt":"Bloco de anota\u00e7\u00f5es A6, personalizado com o seu nome na capa, no tema Homem Aranha. Capa flex\u00edvel impressa em papel fotogr\u00e1fico 230g e com lamina\u00e7\u00e3o brilho. Defina o nome a ser inclu\u00eddo na capa do bloco atrav\u00e9s do campo \u201cNotas do pedido\u201d\u00a0no final da p\u00e1gina\u00a0\u201cFinalizar compra\u201d. 2 dias \u00fateis para produ\u00e7\u00e3o (ap\u00f3s libera\u00e7\u00e3o do pagamento)","_links":{"self":[{"href":"https:\/\/www.mjp.emp.br\/personalizados\/wp-json\/wp\/v2\/product\/191"}],"collection":[{"href":"https:\/\/www.mjp.emp.br\/personalizados\/wp-json\/wp\/v2\/product"}],"about":[{"href":"https:\/\/www.mjp.emp.br\/personalizados\/wp-json\/wp\/v2\/types\/product"}],"replies":[{"embeddable":true,"href":"https:\/\/www.mjp.emp.br\/personalizados\/wp-json\/wp\/v2\/comments?post=191"}],"wp:featuredmedia":[{"embeddable":true,"href":"https:\/\/www.mjp.emp.br\/personalizados\/wp-json\/wp\/v2\/media\/213"}],"wp:attachment":[{"href":"https:\/\/www.mjp.emp.br\/personalizados\/wp-json\/wp\/v2\/media?parent=191"}],"wp:term":[{"taxonomy":"product_cat","embeddable":true,"href":"https:\/\/www.mjp.emp.br\/personalizados\/wp-json\/wp\/v2\/product_cat?post=191"},{"taxonomy":"product_tag","embeddable":true,"href":"https:\/\/www.mjp.emp.br\/personalizados\/wp-json\/wp\/v2\/product_tag?post=191"}],"curies":[{"name":"wp","href":"https:\/\/api.w.org\/{rel}","templated":true}]}}