{"id":339,"date":"2021-07-04T18:08:29","date_gmt":"2021-07-04T21:08:29","guid":{"rendered":"https:\/\/www.mjp.emp.br\/personalizados\/?post_type=product&#038;p=339"},"modified":"2024-08-02T18:23:45","modified_gmt":"2024-08-02T21:23:45","slug":"caixa-jipe-personalizada-com-um-aplique","status":"publish","type":"product","link":"https:\/\/www.mjp.emp.br\/personalizados\/produto\/caixa-jipe-personalizada-com-um-aplique\/","title":{"rendered":"Caixa Jipe personalizada com um aplique"},"content":{"rendered":"<p>Caixa Jipe com um aplique para ser aplicado no topo da caixa. Tema a ser escolhido pelo cliente.<\/p>\n<p>As caixas poder\u00e3o incluir o nome e a idade, al\u00e9m de uma foto da crian\u00e7a.<\/p>\n<p>Produzida em papel fotogr\u00e1fico brilho impresso em jato de tinta de alta qualidade.<\/p>\n<p>Tamanho aproximado: 10cm de comprimento x 6cm de largura x 7cm de altura (sem o aplique) e 3,5cm de altura na parte \u00fatil da caixa.<\/p>\n<p><span style=\"color: #00afaf;\"><strong>4 dias \u00fateis para produ\u00e7\u00e3o<\/strong><\/span><br \/>\n(ap\u00f3s aprova\u00e7\u00e3o da arte final)<\/p>\n<p><span style=\"color: #ff0000;\"><strong>ATEN\u00c7\u00c3O:<\/strong><\/span><\/p>\n<ul>\n<li>Pedido <span style=\"color: #ff0000;\"><strong>m\u00ednimo de 10 caixas<\/strong><\/span>.<\/li>\n<li>As caixas v\u00e3o cortadas e vincadas nos locais de dobra. Mas ser\u00e3o enviadas <strong><span style=\"color: #ff0000;\">desmontadas<\/span><\/strong>, para redu\u00e7\u00e3o do frete. Consulte-nos caso deseje que elas sejam enviadas montadas.<\/li>\n<li>A imagem do produto \u00e9 meramente ilustrativa, podendo haver varia\u00e7\u00f5es nas cores do produto impresso (a cor mostrada na tela <strong>n\u00e3o<\/strong> \u00e9 a mesma cor da impress\u00e3o).<\/li>\n<li><span style=\"font-size: 16px;\">O prazo de produ\u00e7\u00e3o poder\u00e1 sofrer altera\u00e7\u00f5es dependendo da quantidade de caixas solicitadas.<\/span><\/li>\n<\/ul>\n<h3><span style=\"color: #af0000;\">Passo a passo<\/span><\/h3>\n<ol>\n<li>Fa\u00e7a as suas escolhas na p\u00e1gina do produto;<\/li>\n<li>Finalize a compra e efetue o pagamento;<\/li>\n<li>Ap\u00f3s a libera\u00e7\u00e3o do pagamento, entraremos em contato para definirmos o tema, nome, idade e envio da foto da crian\u00e7a, se for o caso. <span style=\"color: #ff0000;\"><strong>Aten\u00e7\u00e3o<\/strong><\/span>: a qualidade das imagens enviadas interferir\u00e1 diretamente na qualidade do produto final.<\/li>\n<li>Elaboraremos a arte final da caixa e enviaremos para sua aprova\u00e7\u00e3o.<\/li>\n<li>Ap\u00f3s a aprova\u00e7\u00e3o da arte final da caixa, iniciaremos a produ\u00e7\u00e3o.<\/li>\n<\/ol>\n","protected":false},"excerpt":{"rendered":"<p>Caixa Jipe com um aplique para ser aplicado no topo da caixa. Tema a ser escolhido pelo cliente.<\/p>\n<p>As caixas poder\u00e3o incluir o nome e a idade, al\u00e9m de uma foto da crian\u00e7a.<\/p>\n<p>Pedido <span style=\"color: #ff0000;\"><strong>m\u00ednimo de 10 caixas<\/strong><\/span>.<\/p>\n<p><span style=\"color: #00afaf;\"><strong>3 dias \u00fateis para produ\u00e7\u00e3o<\/strong><\/span><br \/>\n(ap\u00f3s aprova\u00e7\u00e3o da arte final)<\/p>\n<p>&nbsp;<\/p>\n","protected":false},"featured_media":344,"comment_status":"open","ping_status":"closed","template":"","meta":{"_uag_custom_page_level_css":"","site-sidebar-layout":"default","site-content-layout":"default","ast-site-content-layout":"","site-content-style":"default","site-sidebar-style":"default","ast-global-header-display":"","ast-banner-title-visibility":"","ast-main-header-display":"","ast-hfb-above-header-display":"","ast-hfb-below-header-display":"","ast-hfb-mobile-header-display":"","site-post-title":"","ast-breadcrumbs-content":"","ast-featured-img":"","footer-sml-layout":"","theme-transparent-header-meta":"default","adv-header-id-meta":"","stick-header-meta":"","header-above-stick-meta":"","header-main-stick-meta":"","header-below-stick-meta":"","astra-migrate-meta-layouts":"default","ast-page-background-enabled":"default","ast-page-background-meta":{"desktop":{"background-color":"","background-image":"","background-repeat":"repeat","background-position":"center center","background-size":"auto","background-attachment":"scroll","background-type":"","background-media":"","overlay-type":"","overlay-color":"","overlay-opacity":"","overlay-gradient":""},"tablet":{"background-color":"","background-image":"","background-repeat":"repeat","background-position":"center center","background-size":"auto","background-attachment":"scroll","background-type":"","background-media":"","overlay-type":"","overlay-color":"","overlay-opacity":"","overlay-gradient":""},"mobile":{"background-color":"","background-image":"","background-repeat":"repeat","background-position":"center center","background-size":"auto","background-attachment":"scroll","background-type":"","background-media":"","overlay-type":"","overlay-color":"","overlay-opacity":"","overlay-gradient":""}},"ast-content-background-meta":{"desktop":{"background-color":"var(--ast-global-color-5)","background-image":"","background-repeat":"repeat","background-position":"center center","background-size":"auto","background-attachment":"scroll","background-type":"","background-media":"","overlay-type":"","overlay-color":"","overlay-opacity":"","overlay-gradient":""},"tablet":{"background-color":"var(--ast-global-color-5)","background-image":"","background-repeat":"repeat","background-position":"center center","background-size":"auto","background-attachment":"scroll","background-type":"","background-media":"","overlay-type":"","overlay-color":"","overlay-opacity":"","overlay-gradient":""},"mobile":{"background-color":"var(--ast-global-color-5)","background-image":"","background-repeat":"repeat","background-position":"center center","background-size":"auto","background-attachment":"scroll","background-type":"","background-media":"","overlay-type":"","overlay-color":"","overlay-opacity":"","overlay-gradient":""}}},"product_cat":[35,30],"product_tag":[],"class_list":{"0":"post-339","1":"product","2":"type-product","3":"status-publish","4":"has-post-thumbnail","6":"product_cat-caixas","7":"product_cat-festas-e-eventos","8":"product_shipping_class-impressos","9":"desktop-align-left","10":"tablet-align-left","11":"mobile-align-left","13":"first","14":"outofstock","15":"shipping-taxable","16":"purchasable","17":"product-type-simple"},"jetpack_sharing_enabled":true,"uagb_featured_image_src":{"full":["https:\/\/www.mjp.emp.br\/personalizados\/wp-content\/uploads\/2021\/07\/caixa-jipe-safari-1.jpg",768,1024,false],"thumbnail":["https:\/\/www.mjp.emp.br\/personalizados\/wp-content\/uploads\/2021\/07\/caixa-jipe-safari-1-150x150.jpg",150,150,true],"medium":["https:\/\/www.mjp.emp.br\/personalizados\/wp-content\/uploads\/2021\/07\/caixa-jipe-safari-1-225x300.jpg",225,300,true],"medium_large":["https:\/\/www.mjp.emp.br\/personalizados\/wp-content\/uploads\/2021\/07\/caixa-jipe-safari-1.jpg",768,1024,false],"large":["https:\/\/www.mjp.emp.br\/personalizados\/wp-content\/uploads\/2021\/07\/caixa-jipe-safari-1.jpg",768,1024,false],"1536x1536":["https:\/\/www.mjp.emp.br\/personalizados\/wp-content\/uploads\/2021\/07\/caixa-jipe-safari-1.jpg",768,1024,false],"2048x2048":["https:\/\/www.mjp.emp.br\/personalizados\/wp-content\/uploads\/2021\/07\/caixa-jipe-safari-1.jpg",768,1024,false],"woocommerce_thumbnail":["https:\/\/www.mjp.emp.br\/personalizados\/wp-content\/uploads\/2021\/07\/caixa-jipe-safari-1-300x300.jpg",300,300,true],"woocommerce_single":["https:\/\/www.mjp.emp.br\/personalizados\/wp-content\/uploads\/2021\/07\/caixa-jipe-safari-1-600x800.jpg",600,800,true],"woocommerce_gallery_thumbnail":["https:\/\/www.mjp.emp.br\/personalizados\/wp-content\/uploads\/2021\/07\/caixa-jipe-safari-1-100x100.jpg",100,100,true]},"uagb_author_info":{"display_name":"mjpAlvim","author_link":"https:\/\/www.mjp.emp.br\/personalizados\/author\/"},"uagb_comment_info":0,"uagb_excerpt":"Caixa Jipe com um aplique para ser aplicado no topo da caixa. Tema a ser escolhido pelo cliente. As caixas poder\u00e3o incluir o nome e a idade, al\u00e9m de uma foto da crian\u00e7a. Pedido m\u00ednimo de 10 caixas. 3 dias \u00fateis para produ\u00e7\u00e3o (ap\u00f3s aprova\u00e7\u00e3o da arte final) &nbsp;","_links":{"self":[{"href":"https:\/\/www.mjp.emp.br\/personalizados\/wp-json\/wp\/v2\/product\/339"}],"collection":[{"href":"https:\/\/www.mjp.emp.br\/personalizados\/wp-json\/wp\/v2\/product"}],"about":[{"href":"https:\/\/www.mjp.emp.br\/personalizados\/wp-json\/wp\/v2\/types\/product"}],"replies":[{"embeddable":true,"href":"https:\/\/www.mjp.emp.br\/personalizados\/wp-json\/wp\/v2\/comments?post=339"}],"wp:featuredmedia":[{"embeddable":true,"href":"https:\/\/www.mjp.emp.br\/personalizados\/wp-json\/wp\/v2\/media\/344"}],"wp:attachment":[{"href":"https:\/\/www.mjp.emp.br\/personalizados\/wp-json\/wp\/v2\/media?parent=339"}],"wp:term":[{"taxonomy":"product_cat","embeddable":true,"href":"https:\/\/www.mjp.emp.br\/personalizados\/wp-json\/wp\/v2\/product_cat?post=339"},{"taxonomy":"product_tag","embeddable":true,"href":"https:\/\/www.mjp.emp.br\/personalizados\/wp-json\/wp\/v2\/product_tag?post=339"}],"curies":[{"name":"wp","href":"https:\/\/api.w.org\/{rel}","templated":true}]}}