{"id":368,"date":"2021-07-07T22:31:39","date_gmt":"2021-07-08T01:31:39","guid":{"rendered":"https:\/\/www.mjp.emp.br\/personalizados\/?post_type=product&#038;p=368"},"modified":"2024-08-02T18:23:48","modified_gmt":"2024-08-02T21:23:48","slug":"caderno-personalizado-dia-dos-pais-01-a5-capa-dura","status":"publish","type":"product","link":"https:\/\/www.mjp.emp.br\/personalizados\/produto\/caderno-personalizado-dia-dos-pais-01-a5-capa-dura\/","title":{"rendered":"Caderno Personalizado Dia dos Pais 01 &#8211; A5 &#8211; Capa Dura"},"content":{"rendered":"<p>Caderno personalizado com o nome do seu pai na capa. Capa dura impressa em papel fotogr\u00e1fico e com lamina\u00e7\u00e3o fosca.<\/p>\n<p>Tamanho A5 &#8211; 14,5 x 21 cm (tamanho aproximado, pode haver pequenas altera\u00e7\u00f5es).<\/p>\n<p><strong>Miolo:<\/strong><\/p>\n<ul>\n<li><span style=\"font-size: 16px;\">Gramatura: 75g<\/span><\/li>\n<li>Tamanho das folhas do miolo: 14 x 20 cm<\/li>\n<li>Quantidade de p\u00e1ginas: 60 folhas<\/li>\n<li>As folhas internas poder\u00e3o ser escolhidas pelo cliente conforme os campos descritos abaixo:\n<ul>\n<li><strong>Estilo do miolo\u00a0<\/strong>\n<ul>\n<li>liso<\/li>\n<li>pautado<\/li>\n<li>quadriculado transparente<\/li>\n<li>quadriculado sombreado<\/li>\n<li>pontilhado<\/li>\n<\/ul>\n<\/li>\n<li><strong>Cor da folha<\/strong>\n<ul>\n<li>branca<\/li>\n<li>rosa<\/li>\n<li>azul<\/li>\n<li>verde<\/li>\n<li>amarela<\/li>\n<li>marfim<\/li>\n<\/ul>\n<\/li>\n<\/ul>\n<\/li>\n<\/ul>\n<p>Encadernado com duplo anel (wire-o).<\/p>\n<p><span style=\"color: #00afaf;\"><strong>3 dias \u00fateis para produ\u00e7\u00e3o<\/strong><\/span><br \/>\n(ap\u00f3s aprova\u00e7\u00e3o do pagamento)<\/p>\n<p><span style=\"color: #ff0000;\"><strong>ATEN\u00c7\u00c3O:<\/strong><\/span><\/p>\n<ul>\n<li>A imagem do produto \u00e9 meramente ilustrativa, podendo haver varia\u00e7\u00f5es nas cores do produto impresso (a cor mostrada na tela <strong>n\u00e3o<\/strong> \u00e9 a mesma cor da impress\u00e3o).<\/li>\n<li>Defina o nome a ser inclu\u00eddo na capa do caderno atrav\u00e9s do campo <span style=\"color: #af0000;\"><em><strong>&#8220;Notas do pedido&#8221;<\/strong><\/em><\/span> no final da p\u00e1gina <em><span style=\"color: #af0000;\"><strong>&#8220;Finalizar compra&#8221;<\/strong><\/span><\/em>. Inclua o texto <strong>&#8220;sem nome&#8221;<\/strong> nesse campo caso n\u00e3o queira um nome na capa do caderno.<\/li>\n<li><span style=\"font-size: 16px;\">O prazo de produ\u00e7\u00e3o poder\u00e1 sofrer altera\u00e7\u00f5es dependendo da quantidade de cadernos solicitados.<\/span><\/li>\n<\/ul>\n<h3><span style=\"color: #af0000;\">Passo a passo<\/span><\/h3>\n<ol>\n<li>Fa\u00e7a as suas escolhas na p\u00e1gina do produto;<\/li>\n<li>Finalize a compra, n\u00e3o esque\u00e7a de definir o nome a ser inclu\u00eddo na capa do caderno atrav\u00e9s\u00a0do campo <span style=\"color: #af0000;\"><em><strong>&#8220;Notas do pedido&#8221;<\/strong><\/em><\/span> no final da p\u00e1gina <em><span style=\"color: #af0000;\"><strong>&#8220;Finalizar compra&#8221;<\/strong><\/span><\/em>.<\/li>\n<li>\u00a0Efetue o pagamento;<\/li>\n<li>Ap\u00f3s a aprova\u00e7\u00e3o do pagamento iniciaremos a produ\u00e7\u00e3o.<\/li>\n<\/ol>\n","protected":false},"excerpt":{"rendered":"<p>Caderno personalizado com o nome do seu pai na capa. Capa dura impressa em papel fotogr\u00e1fico e com lamina\u00e7\u00e3o fosca.<\/p>\n<p>Defina o nome a ser inclu\u00eddo na capa do caderno atrav\u00e9s do campo <span style=\"color: #af0000;\"><em><strong>&#8220;Notas do pedido&#8221;<\/strong><\/em><\/span> no final da p\u00e1gina <em><span style=\"color: #af0000;\"><strong>&#8220;Finalizar compra&#8221;<\/strong><\/span><\/em>.<\/p>\n<p><span style=\"color: #00afaf;\"><strong>3 dias \u00fateis para produ\u00e7\u00e3o<\/strong><\/span><br \/>\n(ap\u00f3s libera\u00e7\u00e3o do pagamento)<\/p>\n","protected":false},"featured_media":387,"comment_status":"open","ping_status":"closed","template":"","meta":{"_uag_custom_page_level_css":"","site-sidebar-layout":"default","site-content-layout":"default","ast-site-content-layout":"","site-content-style":"default","site-sidebar-style":"default","ast-global-header-display":"","ast-banner-title-visibility":"","ast-main-header-display":"","ast-hfb-above-header-display":"","ast-hfb-below-header-display":"","ast-hfb-mobile-header-display":"","site-post-title":"","ast-breadcrumbs-content":"","ast-featured-img":"","footer-sml-layout":"","theme-transparent-header-meta":"default","adv-header-id-meta":"","stick-header-meta":"","header-above-stick-meta":"","header-main-stick-meta":"","header-below-stick-meta":"","astra-migrate-meta-layouts":"default","ast-page-background-enabled":"default","ast-page-background-meta":{"desktop":{"background-color":"","background-image":"","background-repeat":"repeat","background-position":"center center","background-size":"auto","background-attachment":"scroll","background-type":"","background-media":"","overlay-type":"","overlay-color":"","overlay-opacity":"","overlay-gradient":""},"tablet":{"background-color":"","background-image":"","background-repeat":"repeat","background-position":"center center","background-size":"auto","background-attachment":"scroll","background-type":"","background-media":"","overlay-type":"","overlay-color":"","overlay-opacity":"","overlay-gradient":""},"mobile":{"background-color":"","background-image":"","background-repeat":"repeat","background-position":"center center","background-size":"auto","background-attachment":"scroll","background-type":"","background-media":"","overlay-type":"","overlay-color":"","overlay-opacity":"","overlay-gradient":""}},"ast-content-background-meta":{"desktop":{"background-color":"var(--ast-global-color-5)","background-image":"","background-repeat":"repeat","background-position":"center center","background-size":"auto","background-attachment":"scroll","background-type":"","background-media":"","overlay-type":"","overlay-color":"","overlay-opacity":"","overlay-gradient":""},"tablet":{"background-color":"var(--ast-global-color-5)","background-image":"","background-repeat":"repeat","background-position":"center center","background-size":"auto","background-attachment":"scroll","background-type":"","background-media":"","overlay-type":"","overlay-color":"","overlay-opacity":"","overlay-gradient":""},"mobile":{"background-color":"var(--ast-global-color-5)","background-image":"","background-repeat":"repeat","background-position":"center center","background-size":"auto","background-attachment":"scroll","background-type":"","background-media":"","overlay-type":"","overlay-color":"","overlay-opacity":"","overlay-gradient":""}}},"product_cat":[137,26,31],"product_tag":[36],"class_list":{"0":"post-368","1":"product","2":"type-product","3":"status-publish","4":"has-post-thumbnail","6":"product_cat-dia-dos-pais","7":"product_cat-cadernos-blocos-e-cia","8":"product_cat-presentes-e-lembrancinhas","9":"product_tag-dia-dos-pais","10":"desktop-align-left","11":"tablet-align-left","12":"mobile-align-left","14":"first","15":"outofstock","16":"shipping-taxable","17":"purchasable","18":"product-type-variable"},"jetpack_sharing_enabled":true,"uagb_featured_image_src":{"full":["https:\/\/www.mjp.emp.br\/personalizados\/wp-content\/uploads\/2021\/07\/caderno-dia-dos-pais-capa-01.jpg",768,1024,false],"thumbnail":["https:\/\/www.mjp.emp.br\/personalizados\/wp-content\/uploads\/2021\/07\/caderno-dia-dos-pais-capa-01-150x150.jpg",150,150,true],"medium":["https:\/\/www.mjp.emp.br\/personalizados\/wp-content\/uploads\/2021\/07\/caderno-dia-dos-pais-capa-01-225x300.jpg",225,300,true],"medium_large":["https:\/\/www.mjp.emp.br\/personalizados\/wp-content\/uploads\/2021\/07\/caderno-dia-dos-pais-capa-01.jpg",768,1024,false],"large":["https:\/\/www.mjp.emp.br\/personalizados\/wp-content\/uploads\/2021\/07\/caderno-dia-dos-pais-capa-01.jpg",768,1024,false],"1536x1536":["https:\/\/www.mjp.emp.br\/personalizados\/wp-content\/uploads\/2021\/07\/caderno-dia-dos-pais-capa-01.jpg",768,1024,false],"2048x2048":["https:\/\/www.mjp.emp.br\/personalizados\/wp-content\/uploads\/2021\/07\/caderno-dia-dos-pais-capa-01.jpg",768,1024,false],"woocommerce_thumbnail":["https:\/\/www.mjp.emp.br\/personalizados\/wp-content\/uploads\/2021\/07\/caderno-dia-dos-pais-capa-01-300x300.jpg",300,300,true],"woocommerce_single":["https:\/\/www.mjp.emp.br\/personalizados\/wp-content\/uploads\/2021\/07\/caderno-dia-dos-pais-capa-01-600x800.jpg",600,800,true],"woocommerce_gallery_thumbnail":["https:\/\/www.mjp.emp.br\/personalizados\/wp-content\/uploads\/2021\/07\/caderno-dia-dos-pais-capa-01-100x100.jpg",100,100,true]},"uagb_author_info":{"display_name":"mjpAlvim","author_link":"https:\/\/www.mjp.emp.br\/personalizados\/author\/"},"uagb_comment_info":0,"uagb_excerpt":"Caderno personalizado com o nome do seu pai na capa. Capa dura impressa em papel fotogr\u00e1fico e com lamina\u00e7\u00e3o fosca. Defina o nome a ser inclu\u00eddo na capa do caderno atrav\u00e9s do campo \"Notas do pedido\" no final da p\u00e1gina \"Finalizar compra\". 3 dias \u00fateis para produ\u00e7\u00e3o (ap\u00f3s libera\u00e7\u00e3o do pagamento)","_links":{"self":[{"href":"https:\/\/www.mjp.emp.br\/personalizados\/wp-json\/wp\/v2\/product\/368"}],"collection":[{"href":"https:\/\/www.mjp.emp.br\/personalizados\/wp-json\/wp\/v2\/product"}],"about":[{"href":"https:\/\/www.mjp.emp.br\/personalizados\/wp-json\/wp\/v2\/types\/product"}],"replies":[{"embeddable":true,"href":"https:\/\/www.mjp.emp.br\/personalizados\/wp-json\/wp\/v2\/comments?post=368"}],"wp:featuredmedia":[{"embeddable":true,"href":"https:\/\/www.mjp.emp.br\/personalizados\/wp-json\/wp\/v2\/media\/387"}],"wp:attachment":[{"href":"https:\/\/www.mjp.emp.br\/personalizados\/wp-json\/wp\/v2\/media?parent=368"}],"wp:term":[{"taxonomy":"product_cat","embeddable":true,"href":"https:\/\/www.mjp.emp.br\/personalizados\/wp-json\/wp\/v2\/product_cat?post=368"},{"taxonomy":"product_tag","embeddable":true,"href":"https:\/\/www.mjp.emp.br\/personalizados\/wp-json\/wp\/v2\/product_tag?post=368"}],"curies":[{"name":"wp","href":"https:\/\/api.w.org\/{rel}","templated":true}]}}