{"id":421,"date":"2021-07-09T15:58:51","date_gmt":"2021-07-09T18:58:51","guid":{"rendered":"https:\/\/www.mjp.emp.br\/personalizados\/?post_type=product&#038;p=421"},"modified":"2024-08-02T18:03:34","modified_gmt":"2024-08-02T21:03:34","slug":"bloco-de-anotacoes-personalizado-dia-dos-pais-05-a6-capa-flexivel","status":"publish","type":"product","link":"https:\/\/www.mjp.emp.br\/personalizados\/produto\/bloco-de-anotacoes-personalizado-dia-dos-pais-05-a6-capa-flexivel\/","title":{"rendered":"Bloco de Anota\u00e7\u00f5es Personalizado Dia dos Pais 05 &#8211; A6 &#8211; Capa Flex\u00edvel"},"content":{"rendered":"<p><span style=\"font-size: 16px;\">Bloco de anota\u00e7\u00f5es personalizado dia dos pais, com o nome do seu pai na capa. Capa flex\u00edvel impressa em papel fotogr\u00e1fico 230g e com lamina\u00e7\u00e3o fosca.<\/span><\/p>\n<p><span style=\"font-size: 16px;\">Tamanho A6 \u2013 10,5 x 14,8 cm (tamanho aproximado, podendo haver pequenas altera\u00e7\u00f5es).<\/span><\/p>\n<p><span style=\"font-size: 16px;\">Miolo:<\/span><\/p>\n<ul>\n<li>48 folhas<\/li>\n<li><span style=\"font-size: 16px;\">Gramatura: 75g<\/span><\/li>\n<li>Folhas internas lisas da cor escolhida pelo cliente conforme descrito abaixo:\n<ul>\n<li><strong>Cor da folha<\/strong>\n<ul>\n<li>branca<\/li>\n<li>rosa<\/li>\n<li>azul<\/li>\n<li>verde<\/li>\n<li>amarela<\/li>\n<li>marfim<\/li>\n<li>reciclado<\/li>\n<\/ul>\n<\/li>\n<\/ul>\n<\/li>\n<\/ul>\n<p>Encadernado com duplo anel (wire-o).<\/p>\n<p><strong style=\"color: #00afaf; font-size: 16px;\">2 dias \u00fateis para produ\u00e7\u00e3o<\/strong><br \/>\n(ap\u00f3s libera\u00e7\u00e3o do pagamento)<\/p>\n<p><span style=\"color: #ff0000;\"><strong>ATEN\u00c7\u00c3O:<\/strong><\/span><\/p>\n<ul>\n<li>A imagem do produto \u00e9 meramente ilustrativa, podendo haver varia\u00e7\u00f5es nas cores do produto impresso (a cor mostrada na tela <strong>n\u00e3o<\/strong> \u00e9 a mesma cor da impress\u00e3o).<\/li>\n<li><span style=\"font-size: 16px;\">Defina o nome a ser inclu\u00eddo na capa do bloco atrav\u00e9s do campo <\/span><span style=\"color: #af0000;\"><em><strong>\u201cNotas do pedido\u201d<\/strong><\/em><\/span><span style=\"font-size: 16px;\">\u00a0no final da p\u00e1gina\u00a0<\/span><span style=\"color: #af0000;\"><em><strong>\u201cFinalizar compra\u201d<\/strong><\/em><\/span><span style=\"font-size: 16px;\">. Inclua o texto <\/span><strong style=\"font-size: 16px;\">&#8220;sem nome&#8221;<\/strong><span style=\"font-size: 16px;\"> nesse campo caso n\u00e3o queira um nome na capa do bloco.<\/span><\/li>\n<li><span style=\"font-size: 16px;\">O prazo de produ\u00e7\u00e3o poder\u00e1 sofrer altera\u00e7\u00f5es dependendo da quantidade de cadernos solicitados.<\/span><\/li>\n<\/ul>\n","protected":false},"excerpt":{"rendered":"<p><span style=\"font-size: 16px;\">Bloco de anota\u00e7\u00f5es personalizado dia dos pais, com o nome do seu pai na capa. Capa flex\u00edvel impressa em papel fotogr\u00e1fico 230g e com lamina\u00e7\u00e3o fosca.<\/span><\/p>\n<p>Defina o nome a ser inclu\u00eddo na capa do bloco atrav\u00e9s do campo <span style=\"color: #af0000;\"><em><strong>\u201cNotas do pedido\u201d<\/strong><\/em>\u00a0<\/span>no final da p\u00e1gina\u00a0<span style=\"color: #af0000;\"><em><strong>\u201cFinalizar compra\u201d<\/strong><\/em><\/span>.<\/p>\n<p><span style=\"color: #00afaf;\"><strong>2 dias \u00fateis para produ\u00e7\u00e3o<\/strong><\/span><br \/>\n(ap\u00f3s libera\u00e7\u00e3o do pagamento)<\/p>\n","protected":false},"featured_media":423,"comment_status":"open","ping_status":"closed","template":"","meta":{"_uag_custom_page_level_css":"","site-sidebar-layout":"default","site-content-layout":"default","ast-site-content-layout":"","site-content-style":"default","site-sidebar-style":"default","ast-global-header-display":"","ast-banner-title-visibility":"","ast-main-header-display":"","ast-hfb-above-header-display":"","ast-hfb-below-header-display":"","ast-hfb-mobile-header-display":"","site-post-title":"","ast-breadcrumbs-content":"","ast-featured-img":"","footer-sml-layout":"","theme-transparent-header-meta":"default","adv-header-id-meta":"","stick-header-meta":"","header-above-stick-meta":"","header-main-stick-meta":"","header-below-stick-meta":"","astra-migrate-meta-layouts":"default","ast-page-background-enabled":"default","ast-page-background-meta":{"desktop":{"background-color":"","background-image":"","background-repeat":"repeat","background-position":"center center","background-size":"auto","background-attachment":"scroll","background-type":"","background-media":"","overlay-type":"","overlay-color":"","overlay-opacity":"","overlay-gradient":""},"tablet":{"background-color":"","background-image":"","background-repeat":"repeat","background-position":"center center","background-size":"auto","background-attachment":"scroll","background-type":"","background-media":"","overlay-type":"","overlay-color":"","overlay-opacity":"","overlay-gradient":""},"mobile":{"background-color":"","background-image":"","background-repeat":"repeat","background-position":"center center","background-size":"auto","background-attachment":"scroll","background-type":"","background-media":"","overlay-type":"","overlay-color":"","overlay-opacity":"","overlay-gradient":""}},"ast-content-background-meta":{"desktop":{"background-color":"var(--ast-global-color-5)","background-image":"","background-repeat":"repeat","background-position":"center center","background-size":"auto","background-attachment":"scroll","background-type":"","background-media":"","overlay-type":"","overlay-color":"","overlay-opacity":"","overlay-gradient":""},"tablet":{"background-color":"var(--ast-global-color-5)","background-image":"","background-repeat":"repeat","background-position":"center center","background-size":"auto","background-attachment":"scroll","background-type":"","background-media":"","overlay-type":"","overlay-color":"","overlay-opacity":"","overlay-gradient":""},"mobile":{"background-color":"var(--ast-global-color-5)","background-image":"","background-repeat":"repeat","background-position":"center center","background-size":"auto","background-attachment":"scroll","background-type":"","background-media":"","overlay-type":"","overlay-color":"","overlay-opacity":"","overlay-gradient":""}}},"product_cat":[137,26,31],"product_tag":[36],"class_list":{"0":"post-421","1":"product","2":"type-product","3":"status-publish","4":"has-post-thumbnail","6":"product_cat-dia-dos-pais","7":"product_cat-cadernos-blocos-e-cia","8":"product_cat-presentes-e-lembrancinhas","9":"product_tag-dia-dos-pais","10":"desktop-align-left","11":"tablet-align-left","12":"mobile-align-left","14":"first","15":"outofstock","16":"shipping-taxable","17":"purchasable","18":"product-type-variable"},"jetpack_sharing_enabled":true,"uagb_featured_image_src":{"full":["https:\/\/www.mjp.emp.br\/personalizados\/wp-content\/uploads\/2021\/07\/bloco-de-anotacoes-A6-dia-dos-pais-05-capa.jpg",768,1024,false],"thumbnail":["https:\/\/www.mjp.emp.br\/personalizados\/wp-content\/uploads\/2021\/07\/bloco-de-anotacoes-A6-dia-dos-pais-05-capa-150x150.jpg",150,150,true],"medium":["https:\/\/www.mjp.emp.br\/personalizados\/wp-content\/uploads\/2021\/07\/bloco-de-anotacoes-A6-dia-dos-pais-05-capa-225x300.jpg",225,300,true],"medium_large":["https:\/\/www.mjp.emp.br\/personalizados\/wp-content\/uploads\/2021\/07\/bloco-de-anotacoes-A6-dia-dos-pais-05-capa.jpg",768,1024,false],"large":["https:\/\/www.mjp.emp.br\/personalizados\/wp-content\/uploads\/2021\/07\/bloco-de-anotacoes-A6-dia-dos-pais-05-capa.jpg",768,1024,false],"1536x1536":["https:\/\/www.mjp.emp.br\/personalizados\/wp-content\/uploads\/2021\/07\/bloco-de-anotacoes-A6-dia-dos-pais-05-capa.jpg",768,1024,false],"2048x2048":["https:\/\/www.mjp.emp.br\/personalizados\/wp-content\/uploads\/2021\/07\/bloco-de-anotacoes-A6-dia-dos-pais-05-capa.jpg",768,1024,false],"woocommerce_thumbnail":["https:\/\/www.mjp.emp.br\/personalizados\/wp-content\/uploads\/2021\/07\/bloco-de-anotacoes-A6-dia-dos-pais-05-capa-300x300.jpg",300,300,true],"woocommerce_single":["https:\/\/www.mjp.emp.br\/personalizados\/wp-content\/uploads\/2021\/07\/bloco-de-anotacoes-A6-dia-dos-pais-05-capa-600x800.jpg",600,800,true],"woocommerce_gallery_thumbnail":["https:\/\/www.mjp.emp.br\/personalizados\/wp-content\/uploads\/2021\/07\/bloco-de-anotacoes-A6-dia-dos-pais-05-capa-100x100.jpg",100,100,true]},"uagb_author_info":{"display_name":"mjpAlvim","author_link":"https:\/\/www.mjp.emp.br\/personalizados\/author\/"},"uagb_comment_info":0,"uagb_excerpt":"Bloco de anota\u00e7\u00f5es personalizado dia dos pais, com o nome do seu pai na capa. Capa flex\u00edvel impressa em papel fotogr\u00e1fico 230g e com lamina\u00e7\u00e3o fosca. Defina o nome a ser inclu\u00eddo na capa do bloco atrav\u00e9s do campo \u201cNotas do pedido\u201d\u00a0no final da p\u00e1gina\u00a0\u201cFinalizar compra\u201d. 2 dias \u00fateis para produ\u00e7\u00e3o (ap\u00f3s libera\u00e7\u00e3o do pagamento)","_links":{"self":[{"href":"https:\/\/www.mjp.emp.br\/personalizados\/wp-json\/wp\/v2\/product\/421"}],"collection":[{"href":"https:\/\/www.mjp.emp.br\/personalizados\/wp-json\/wp\/v2\/product"}],"about":[{"href":"https:\/\/www.mjp.emp.br\/personalizados\/wp-json\/wp\/v2\/types\/product"}],"replies":[{"embeddable":true,"href":"https:\/\/www.mjp.emp.br\/personalizados\/wp-json\/wp\/v2\/comments?post=421"}],"wp:featuredmedia":[{"embeddable":true,"href":"https:\/\/www.mjp.emp.br\/personalizados\/wp-json\/wp\/v2\/media\/423"}],"wp:attachment":[{"href":"https:\/\/www.mjp.emp.br\/personalizados\/wp-json\/wp\/v2\/media?parent=421"}],"wp:term":[{"taxonomy":"product_cat","embeddable":true,"href":"https:\/\/www.mjp.emp.br\/personalizados\/wp-json\/wp\/v2\/product_cat?post=421"},{"taxonomy":"product_tag","embeddable":true,"href":"https:\/\/www.mjp.emp.br\/personalizados\/wp-json\/wp\/v2\/product_tag?post=421"}],"curies":[{"name":"wp","href":"https:\/\/api.w.org\/{rel}","templated":true}]}}