{"id":448,"date":"2021-07-12T11:41:03","date_gmt":"2021-07-12T14:41:03","guid":{"rendered":"https:\/\/www.mjp.emp.br\/personalizados\/?post_type=product&#038;p=448"},"modified":"2024-08-02T18:03:34","modified_gmt":"2024-08-02T21:03:34","slug":"caderno-personalizado-dia-dos-pais-06-a5-capa-dura","status":"publish","type":"product","link":"https:\/\/www.mjp.emp.br\/personalizados\/produto\/caderno-personalizado-dia-dos-pais-06-a5-capa-dura\/","title":{"rendered":"Caderno Personalizado Dia dos Pais 06 &#8211; A5 &#8211; Capa Dura"},"content":{"rendered":"<p>Caderno personalizado com uma foto enviada pelo cliente e com o nome do pai na capa. Capa dura impressa em papel fotogr\u00e1fico e com lamina\u00e7\u00e3o fosca.<\/p>\n<p>Tamanho A5 &#8211; 14,5 x 21 cm (tamanho aproximado, pode haver pequenas altera\u00e7\u00f5es).<\/p>\n<p><strong>Miolo:<\/strong><\/p>\n<ul>\n<li><span style=\"font-size: 16px;\">Gramatura: 75g<\/span><\/li>\n<li>Tamanho das folhas do miolo: 14 x 20 cm<\/li>\n<li>Quantidade de p\u00e1ginas: 60 folhas<\/li>\n<li>As folhas internas poder\u00e3o ser escolhidas pelo cliente conforme os campos descritos abaixo:\n<ul>\n<li><strong>Estilo do miolo\u00a0<\/strong>\n<ul>\n<li>liso<\/li>\n<li>pautado<\/li>\n<li>quadriculado transparente<\/li>\n<li>quadriculado sombreado<\/li>\n<li>pontilhado<\/li>\n<\/ul>\n<\/li>\n<li><strong>Cor da folha<\/strong>\n<ul>\n<li>branca<\/li>\n<li>rosa<\/li>\n<li>azul<\/li>\n<li>verde<\/li>\n<li>amarela<\/li>\n<li>marfim<\/li>\n<li>reciclado<\/li>\n<\/ul>\n<\/li>\n<\/ul>\n<\/li>\n<\/ul>\n<p>Encadernado com duplo anel (wire-o).<\/p>\n<p><span style=\"color: #00afaf;\"><strong>2 dias \u00fateis para cria\u00e7\u00e3o da arte<\/strong><\/span><br \/>\n(ap\u00f3s aprova\u00e7\u00e3o do pagamento)<\/p>\n<p><span style=\"color: #00afaf;\"><strong>3 dias \u00fateis para produ\u00e7\u00e3o<\/strong><\/span><br \/>\n(ap\u00f3s aprova\u00e7\u00e3o do arte final)<\/p>\n<p><span style=\"color: #ff0000;\"><strong>ATEN\u00c7\u00c3O:<\/strong><\/span><\/p>\n<ul>\n<li>A imagem do produto \u00e9 meramente ilustrativa, podendo haver varia\u00e7\u00f5es nas cores do produto impresso (a cor mostrada na tela <strong>n\u00e3o<\/strong> \u00e9 a mesma cor da impress\u00e3o).<\/li>\n<li><span style=\"font-size: 16px;\">O prazo de produ\u00e7\u00e3o poder\u00e1 sofrer altera\u00e7\u00f5es dependendo da quantidade de cadernos solicitados.<\/span><\/li>\n<\/ul>\n<h3><span style=\"color: #af0000;\">Passo a passo<\/span><\/h3>\n<ol>\n<li>Fa\u00e7a as suas escolhas na p\u00e1gina do produto;<\/li>\n<li>Finalize a compra e efetue o pagamento;<\/li>\n<li>Ap\u00f3s a libera\u00e7\u00e3o do pagamento, entraremos em contato, atrav\u00e9s do <strong>e-mail de cadastro<\/strong>, para que nos envie a imagem a ser usada como fundo para a capa do caderno, al\u00e9m do nome a ser impresso na capa. <span style=\"color: #ff0000;\"><strong>Aten\u00e7\u00e3o<\/strong><\/span>: a qualidade das imagens enviadas interferir\u00e1 diretamente na qualidade do produto final.<\/li>\n<li>Elaboraremos a arte final da capa e enviaremos para sua aprova\u00e7\u00e3o.<\/li>\n<li>Ap\u00f3s a aprova\u00e7\u00e3o da arte final da capa, pelo cliente, iniciaremos a produ\u00e7\u00e3o.<\/li>\n<\/ol>\n","protected":false},"excerpt":{"rendered":"<p>Caderno personalizado com uma foto enviada pelo cliente e com o nome do pai na capa. Capa dura impressa em papel fotogr\u00e1fico e com lamina\u00e7\u00e3o fosca.<\/p>\n<p>Voc\u00ea poder\u00e1 nos enviar tamb\u00e9m uma imagem para ser usada como fundo da capa\/contracapa.<\/p>\n<p><span style=\"color: #00afaf;\"><strong>2 dias \u00fateis para cria\u00e7\u00e3o da arte<\/strong><\/span><br \/>\n(ap\u00f3s aprova\u00e7\u00e3o do pagamento)<\/p>\n<p><span style=\"color: #00afaf;\"><strong>3 dias \u00fateis para produ\u00e7\u00e3o<\/strong><\/span><br \/>\n(ap\u00f3s libera\u00e7\u00e3o da arte final)<\/p>\n<p>Veja mais detalhes na descri\u00e7\u00e3o do produto.<\/p>\n","protected":false},"featured_media":451,"comment_status":"open","ping_status":"closed","template":"","meta":{"_uag_custom_page_level_css":"","site-sidebar-layout":"default","site-content-layout":"default","ast-site-content-layout":"","site-content-style":"default","site-sidebar-style":"default","ast-global-header-display":"","ast-banner-title-visibility":"","ast-main-header-display":"","ast-hfb-above-header-display":"","ast-hfb-below-header-display":"","ast-hfb-mobile-header-display":"","site-post-title":"","ast-breadcrumbs-content":"","ast-featured-img":"","footer-sml-layout":"","theme-transparent-header-meta":"default","adv-header-id-meta":"","stick-header-meta":"","header-above-stick-meta":"","header-main-stick-meta":"","header-below-stick-meta":"","astra-migrate-meta-layouts":"default","ast-page-background-enabled":"default","ast-page-background-meta":{"desktop":{"background-color":"","background-image":"","background-repeat":"repeat","background-position":"center center","background-size":"auto","background-attachment":"scroll","background-type":"","background-media":"","overlay-type":"","overlay-color":"","overlay-opacity":"","overlay-gradient":""},"tablet":{"background-color":"","background-image":"","background-repeat":"repeat","background-position":"center center","background-size":"auto","background-attachment":"scroll","background-type":"","background-media":"","overlay-type":"","overlay-color":"","overlay-opacity":"","overlay-gradient":""},"mobile":{"background-color":"","background-image":"","background-repeat":"repeat","background-position":"center center","background-size":"auto","background-attachment":"scroll","background-type":"","background-media":"","overlay-type":"","overlay-color":"","overlay-opacity":"","overlay-gradient":""}},"ast-content-background-meta":{"desktop":{"background-color":"var(--ast-global-color-5)","background-image":"","background-repeat":"repeat","background-position":"center center","background-size":"auto","background-attachment":"scroll","background-type":"","background-media":"","overlay-type":"","overlay-color":"","overlay-opacity":"","overlay-gradient":""},"tablet":{"background-color":"var(--ast-global-color-5)","background-image":"","background-repeat":"repeat","background-position":"center center","background-size":"auto","background-attachment":"scroll","background-type":"","background-media":"","overlay-type":"","overlay-color":"","overlay-opacity":"","overlay-gradient":""},"mobile":{"background-color":"var(--ast-global-color-5)","background-image":"","background-repeat":"repeat","background-position":"center center","background-size":"auto","background-attachment":"scroll","background-type":"","background-media":"","overlay-type":"","overlay-color":"","overlay-opacity":"","overlay-gradient":""}}},"product_cat":[137,26,31],"product_tag":[36],"class_list":{"0":"post-448","1":"product","2":"type-product","3":"status-publish","4":"has-post-thumbnail","6":"product_cat-dia-dos-pais","7":"product_cat-cadernos-blocos-e-cia","8":"product_cat-presentes-e-lembrancinhas","9":"product_tag-dia-dos-pais","10":"desktop-align-left","11":"tablet-align-left","12":"mobile-align-left","14":"first","15":"outofstock","16":"shipping-taxable","17":"purchasable","18":"product-type-variable"},"jetpack_sharing_enabled":true,"uagb_featured_image_src":{"full":["https:\/\/www.mjp.emp.br\/personalizados\/wp-content\/uploads\/2021\/07\/caderno-dia-dos-pais-capa-06.jpg",768,1024,false],"thumbnail":["https:\/\/www.mjp.emp.br\/personalizados\/wp-content\/uploads\/2021\/07\/caderno-dia-dos-pais-capa-06-150x150.jpg",150,150,true],"medium":["https:\/\/www.mjp.emp.br\/personalizados\/wp-content\/uploads\/2021\/07\/caderno-dia-dos-pais-capa-06-225x300.jpg",225,300,true],"medium_large":["https:\/\/www.mjp.emp.br\/personalizados\/wp-content\/uploads\/2021\/07\/caderno-dia-dos-pais-capa-06.jpg",768,1024,false],"large":["https:\/\/www.mjp.emp.br\/personalizados\/wp-content\/uploads\/2021\/07\/caderno-dia-dos-pais-capa-06.jpg",768,1024,false],"1536x1536":["https:\/\/www.mjp.emp.br\/personalizados\/wp-content\/uploads\/2021\/07\/caderno-dia-dos-pais-capa-06.jpg",768,1024,false],"2048x2048":["https:\/\/www.mjp.emp.br\/personalizados\/wp-content\/uploads\/2021\/07\/caderno-dia-dos-pais-capa-06.jpg",768,1024,false],"woocommerce_thumbnail":["https:\/\/www.mjp.emp.br\/personalizados\/wp-content\/uploads\/2021\/07\/caderno-dia-dos-pais-capa-06-300x300.jpg",300,300,true],"woocommerce_single":["https:\/\/www.mjp.emp.br\/personalizados\/wp-content\/uploads\/2021\/07\/caderno-dia-dos-pais-capa-06-600x800.jpg",600,800,true],"woocommerce_gallery_thumbnail":["https:\/\/www.mjp.emp.br\/personalizados\/wp-content\/uploads\/2021\/07\/caderno-dia-dos-pais-capa-06-100x100.jpg",100,100,true]},"uagb_author_info":{"display_name":"mjpAlvim","author_link":"https:\/\/www.mjp.emp.br\/personalizados\/author\/"},"uagb_comment_info":1,"uagb_excerpt":"Caderno personalizado com uma foto enviada pelo cliente e com o nome do pai na capa. Capa dura impressa em papel fotogr\u00e1fico e com lamina\u00e7\u00e3o fosca. Voc\u00ea poder\u00e1 nos enviar tamb\u00e9m uma imagem para ser usada como fundo da capa\/contracapa. 2 dias \u00fateis para cria\u00e7\u00e3o da arte (ap\u00f3s aprova\u00e7\u00e3o do pagamento) 3 dias \u00fateis para&hellip;","_links":{"self":[{"href":"https:\/\/www.mjp.emp.br\/personalizados\/wp-json\/wp\/v2\/product\/448"}],"collection":[{"href":"https:\/\/www.mjp.emp.br\/personalizados\/wp-json\/wp\/v2\/product"}],"about":[{"href":"https:\/\/www.mjp.emp.br\/personalizados\/wp-json\/wp\/v2\/types\/product"}],"replies":[{"embeddable":true,"href":"https:\/\/www.mjp.emp.br\/personalizados\/wp-json\/wp\/v2\/comments?post=448"}],"wp:featuredmedia":[{"embeddable":true,"href":"https:\/\/www.mjp.emp.br\/personalizados\/wp-json\/wp\/v2\/media\/451"}],"wp:attachment":[{"href":"https:\/\/www.mjp.emp.br\/personalizados\/wp-json\/wp\/v2\/media?parent=448"}],"wp:term":[{"taxonomy":"product_cat","embeddable":true,"href":"https:\/\/www.mjp.emp.br\/personalizados\/wp-json\/wp\/v2\/product_cat?post=448"},{"taxonomy":"product_tag","embeddable":true,"href":"https:\/\/www.mjp.emp.br\/personalizados\/wp-json\/wp\/v2\/product_tag?post=448"}],"curies":[{"name":"wp","href":"https:\/\/api.w.org\/{rel}","templated":true}]}}