{"id":462,"date":"2021-07-13T23:13:13","date_gmt":"2021-07-14T02:13:13","guid":{"rendered":"https:\/\/www.mjp.emp.br\/personalizados\/?post_type=product&#038;p=462"},"modified":"2024-08-02T18:03:32","modified_gmt":"2024-08-02T21:03:32","slug":"adesivo-personalizado-5-x-5-cm-redondo","status":"publish","type":"product","link":"https:\/\/www.mjp.emp.br\/personalizados\/produto\/adesivo-personalizado-5-x-5-cm-redondo\/","title":{"rendered":"Adesivo Personalizado 5 x 5 cm &#8211; Redondo"},"content":{"rendered":"<p>Adesivo personalizado 5 x 5 cm, redondo (5 cm de di\u00e2metro).<br \/>\nProduzida em papel adesivo impresso em jato de tinta de alta qualidade.<\/p>\n<p><span style=\"color: #00afaf;\"><strong>2 dias \u00fateis para produ\u00e7\u00e3o<\/strong><\/span><br \/>\n(ap\u00f3s aprova\u00e7\u00e3o da arte final)<\/p>\n<p><span style=\"color: #ff0000;\"><strong>ATEN\u00c7\u00c3O:<\/strong><\/span><\/p>\n<ul>\n<li>Pedido <span style=\"color: #ff0000;\"><strong>m\u00ednimo de 30 adesivos<\/strong><\/span>.<\/li>\n<li>A imagem do produto \u00e9 meramente ilustrativa, podendo haver varia\u00e7\u00f5es nas cores do produto impresso (a cor mostrada na tela <strong>n\u00e3o<\/strong> \u00e9 a mesma cor da impress\u00e3o).<\/li>\n<li><span style=\"font-size: 16px;\">O prazo de produ\u00e7\u00e3o poder\u00e1 sofrer altera\u00e7\u00f5es dependendo da quantidade de adesivos solicitados.<\/span><\/li>\n<\/ul>\n<h3><span style=\"color: #af0000;\">Passo a passo<\/span><\/h3>\n<ol>\n<li>Escolha os produtos desejados e adicione ao carrinho;<\/li>\n<li>Finalize a compra e efetue o pagamento;<\/li>\n<li>Ap\u00f3s a libera\u00e7\u00e3o do pagamento, entraremos em contato, em at\u00e9 um dia \u00fatil, atrav\u00e9s do e-mail de cadastro, para definirmos a arte do adesivo. <span style=\"color: #ff0000;\"><strong>Aten\u00e7\u00e3o<\/strong><\/span>: a qualidade das imagens enviadas, se for o caso, interferir\u00e1 diretamente na qualidade do produto final.<\/li>\n<li>Elaboraremos a arte final do adesivo e enviaremos para sua aprova\u00e7\u00e3o.<\/li>\n<li>Ap\u00f3s a aprova\u00e7\u00e3o da arte final do adesivo, iniciaremos a produ\u00e7\u00e3o.<\/li>\n<\/ol>\n","protected":false},"excerpt":{"rendered":"<p>Adesivo personalizado 5 x 5 cm, redondo (5 cm de di\u00e2metro).<br \/>\nProduzida em papel adesivo impresso em jato de tinta de alta qualidade.<\/p>\n<p><span style=\"color: #00afaf;\"><strong>2 dias \u00fateis para produ\u00e7\u00e3o<\/strong><\/span><br \/>\n(ap\u00f3s aprova\u00e7\u00e3o da arte final)<\/p>\n<p>Pedido <span style=\"color: #ff0000;\"><strong>m\u00ednimo de 30 adesivos<\/strong><\/span>.<\/p>\n","protected":false},"featured_media":465,"comment_status":"open","ping_status":"closed","template":"","meta":{"_uag_custom_page_level_css":"","site-sidebar-layout":"default","site-content-layout":"default","ast-site-content-layout":"","site-content-style":"default","site-sidebar-style":"default","ast-global-header-display":"","ast-banner-title-visibility":"","ast-main-header-display":"","ast-hfb-above-header-display":"","ast-hfb-below-header-display":"","ast-hfb-mobile-header-display":"","site-post-title":"","ast-breadcrumbs-content":"","ast-featured-img":"","footer-sml-layout":"","theme-transparent-header-meta":"default","adv-header-id-meta":"","stick-header-meta":"","header-above-stick-meta":"","header-main-stick-meta":"","header-below-stick-meta":"","astra-migrate-meta-layouts":"default","ast-page-background-enabled":"default","ast-page-background-meta":{"desktop":{"background-color":"","background-image":"","background-repeat":"repeat","background-position":"center center","background-size":"auto","background-attachment":"scroll","background-type":"","background-media":"","overlay-type":"","overlay-color":"","overlay-opacity":"","overlay-gradient":""},"tablet":{"background-color":"","background-image":"","background-repeat":"repeat","background-position":"center center","background-size":"auto","background-attachment":"scroll","background-type":"","background-media":"","overlay-type":"","overlay-color":"","overlay-opacity":"","overlay-gradient":""},"mobile":{"background-color":"","background-image":"","background-repeat":"repeat","background-position":"center center","background-size":"auto","background-attachment":"scroll","background-type":"","background-media":"","overlay-type":"","overlay-color":"","overlay-opacity":"","overlay-gradient":""}},"ast-content-background-meta":{"desktop":{"background-color":"var(--ast-global-color-5)","background-image":"","background-repeat":"repeat","background-position":"center center","background-size":"auto","background-attachment":"scroll","background-type":"","background-media":"","overlay-type":"","overlay-color":"","overlay-opacity":"","overlay-gradient":""},"tablet":{"background-color":"var(--ast-global-color-5)","background-image":"","background-repeat":"repeat","background-position":"center center","background-size":"auto","background-attachment":"scroll","background-type":"","background-media":"","overlay-type":"","overlay-color":"","overlay-opacity":"","overlay-gradient":""},"mobile":{"background-color":"var(--ast-global-color-5)","background-image":"","background-repeat":"repeat","background-position":"center center","background-size":"auto","background-attachment":"scroll","background-type":"","background-media":"","overlay-type":"","overlay-color":"","overlay-opacity":"","overlay-gradient":""}}},"product_cat":[37],"product_tag":[],"class_list":{"0":"post-462","1":"product","2":"type-product","3":"status-publish","4":"has-post-thumbnail","6":"product_cat-adesivos","7":"product_shipping_class-impressos","8":"desktop-align-left","9":"tablet-align-left","10":"mobile-align-left","12":"first","13":"outofstock","14":"shipping-taxable","15":"purchasable","16":"product-type-simple"},"jetpack_sharing_enabled":true,"uagb_featured_image_src":{"full":["https:\/\/www.mjp.emp.br\/personalizados\/wp-content\/uploads\/2021\/07\/Adesivo-5x5cm-redondo.jpg",1024,969,false],"thumbnail":["https:\/\/www.mjp.emp.br\/personalizados\/wp-content\/uploads\/2021\/07\/Adesivo-5x5cm-redondo-150x150.jpg",150,150,true],"medium":["https:\/\/www.mjp.emp.br\/personalizados\/wp-content\/uploads\/2021\/07\/Adesivo-5x5cm-redondo-300x284.jpg",300,284,true],"medium_large":["https:\/\/www.mjp.emp.br\/personalizados\/wp-content\/uploads\/2021\/07\/Adesivo-5x5cm-redondo-768x727.jpg",768,727,true],"large":["https:\/\/www.mjp.emp.br\/personalizados\/wp-content\/uploads\/2021\/07\/Adesivo-5x5cm-redondo.jpg",1024,969,false],"1536x1536":["https:\/\/www.mjp.emp.br\/personalizados\/wp-content\/uploads\/2021\/07\/Adesivo-5x5cm-redondo.jpg",1024,969,false],"2048x2048":["https:\/\/www.mjp.emp.br\/personalizados\/wp-content\/uploads\/2021\/07\/Adesivo-5x5cm-redondo.jpg",1024,969,false],"woocommerce_thumbnail":["https:\/\/www.mjp.emp.br\/personalizados\/wp-content\/uploads\/2021\/07\/Adesivo-5x5cm-redondo-300x300.jpg",300,300,true],"woocommerce_single":["https:\/\/www.mjp.emp.br\/personalizados\/wp-content\/uploads\/2021\/07\/Adesivo-5x5cm-redondo-600x568.jpg",600,568,true],"woocommerce_gallery_thumbnail":["https:\/\/www.mjp.emp.br\/personalizados\/wp-content\/uploads\/2021\/07\/Adesivo-5x5cm-redondo-100x100.jpg",100,100,true]},"uagb_author_info":{"display_name":"mjpAlvim","author_link":"https:\/\/www.mjp.emp.br\/personalizados\/author\/"},"uagb_comment_info":0,"uagb_excerpt":"Adesivo personalizado 5 x 5 cm, redondo (5 cm de di\u00e2metro). Produzida em papel adesivo impresso em jato de tinta de alta qualidade. 2 dias \u00fateis para produ\u00e7\u00e3o (ap\u00f3s aprova\u00e7\u00e3o da arte final) Pedido m\u00ednimo de 30 adesivos.","_links":{"self":[{"href":"https:\/\/www.mjp.emp.br\/personalizados\/wp-json\/wp\/v2\/product\/462"}],"collection":[{"href":"https:\/\/www.mjp.emp.br\/personalizados\/wp-json\/wp\/v2\/product"}],"about":[{"href":"https:\/\/www.mjp.emp.br\/personalizados\/wp-json\/wp\/v2\/types\/product"}],"replies":[{"embeddable":true,"href":"https:\/\/www.mjp.emp.br\/personalizados\/wp-json\/wp\/v2\/comments?post=462"}],"wp:featuredmedia":[{"embeddable":true,"href":"https:\/\/www.mjp.emp.br\/personalizados\/wp-json\/wp\/v2\/media\/465"}],"wp:attachment":[{"href":"https:\/\/www.mjp.emp.br\/personalizados\/wp-json\/wp\/v2\/media?parent=462"}],"wp:term":[{"taxonomy":"product_cat","embeddable":true,"href":"https:\/\/www.mjp.emp.br\/personalizados\/wp-json\/wp\/v2\/product_cat?post=462"},{"taxonomy":"product_tag","embeddable":true,"href":"https:\/\/www.mjp.emp.br\/personalizados\/wp-json\/wp\/v2\/product_tag?post=462"}],"curies":[{"name":"wp","href":"https:\/\/api.w.org\/{rel}","templated":true}]}}