{"id":487,"date":"2021-07-23T18:08:54","date_gmt":"2021-07-23T21:08:54","guid":{"rendered":"https:\/\/www.mjp.emp.br\/personalizados\/?post_type=product&#038;p=487"},"modified":"2024-08-02T18:03:32","modified_gmt":"2024-08-02T21:03:32","slug":"cardapio-6-paginas-vincado","status":"publish","type":"product","link":"https:\/\/www.mjp.emp.br\/personalizados\/produto\/cardapio-6-paginas-vincado\/","title":{"rendered":"Card\u00e1pio 6 p\u00e1ginas vincado"},"content":{"rendered":"<p>Card\u00e1pio com 6 p\u00e1ginas vincado e com lamina\u00e7\u00e3o frente e verso.<\/p>\n<p>Tamanho fechado &#8211; 13 x 28 cm (tamanho aproximado, pode haver pequenas altera\u00e7\u00f5es).<br \/>\nTamanho aberto &#8211; 36 x 28 cm (tamanho aproximado, pode haver pequenas altera\u00e7\u00f5es).<\/p>\n<p><span style=\"color: #00afaf;\"><strong>4 dias \u00fateis para produ\u00e7\u00e3o<\/strong><\/span><br \/>\n(ap\u00f3s aprova\u00e7\u00e3o da arte final)<\/p>\n<p><span style=\"color: #ff0000;\"><strong>ATEN\u00c7\u00c3O:<\/strong><\/span><\/p>\n<ul>\n<li>Pedido <span style=\"color: #ff0000;\"><strong>m\u00ednimo de 5 card\u00e1pios<\/strong><\/span>.<\/li>\n<li>A imagem do produto \u00e9 meramente ilustrativa, podendo haver varia\u00e7\u00f5es nas cores do produto impresso (a cor mostrada na tela <strong>n\u00e3o<\/strong> \u00e9 a mesma cor da impress\u00e3o).<\/li>\n<li><span style=\"font-size: 16px;\">O prazo de produ\u00e7\u00e3o poder\u00e1 sofrer altera\u00e7\u00f5es dependendo da quantidade de cadernos solicitados.<\/span><\/li>\n<li>As imagens a serem inseridas no card\u00e1pio ser\u00e3o de responsabilidade do cliente. A qualidade das imagens enviadas interferir\u00e1 diretamente na qualidade do produto final.<\/li>\n<\/ul>\n<h3><span style=\"color: #af0000;\">Passo a passo<\/span><\/h3>\n<ol>\n<li>Fa\u00e7a as suas escolhas e adicione ao carrinho;<\/li>\n<li>Finalize a compra e efetue o pagamento;<\/li>\n<li>Ap\u00f3s a libera\u00e7\u00e3o do pagamento, entraremos em contato, em at\u00e9 um dia \u00fatil, para definirmos o conte\u00fado e a arte do card\u00e1pio.<\/li>\n<li>O cliente enviar\u00e1 o texto e as imagens necess\u00e1rios para compor o card\u00e1pio. <span style=\"color: #ff0000;\"><strong>Aten\u00e7\u00e3o<\/strong><\/span>: a qualidade das imagens enviadas interferir\u00e1 diretamente na qualidade do produto final.<\/li>\n<li>Elaboraremos a arte final do card\u00e1pio e enviaremos para sua aprova\u00e7\u00e3o.<\/li>\n<li>Ap\u00f3s a aprova\u00e7\u00e3o da arte final do card\u00e1pio, iniciaremos a produ\u00e7\u00e3o.<\/li>\n<\/ol>\n<p>&nbsp;<\/p>\n","protected":false},"excerpt":{"rendered":"<p>Card\u00e1pio com 6 p\u00e1ginas vincado e com lamina\u00e7\u00e3o frente e verso.<\/p>\n<p>Tamanho fechado &#8211; 13 x 28 cm (tamanho aproximado, pode haver pequenas altera\u00e7\u00f5es).<br \/>\nTamanho aberto &#8211; 36 x 28 cm (tamanho aproximado, pode haver pequenas altera\u00e7\u00f5es).<\/p>\n<p>Pedido <span style=\"color: #ff0000;\"><strong>m\u00ednimo de 5 card\u00e1pios<\/strong><\/span>.<\/p>\n<p><span style=\"color: #00afaf;\"><strong>4 dias \u00fateis para produ\u00e7\u00e3o<\/strong><\/span><br \/>\n(ap\u00f3s aprova\u00e7\u00e3o da arte final)<\/p>\n<p>&nbsp;<\/p>\n","protected":false},"featured_media":488,"comment_status":"open","ping_status":"closed","template":"","meta":{"_uag_custom_page_level_css":"","site-sidebar-layout":"default","site-content-layout":"default","ast-site-content-layout":"","site-content-style":"default","site-sidebar-style":"default","ast-global-header-display":"","ast-banner-title-visibility":"","ast-main-header-display":"","ast-hfb-above-header-display":"","ast-hfb-below-header-display":"","ast-hfb-mobile-header-display":"","site-post-title":"","ast-breadcrumbs-content":"","ast-featured-img":"","footer-sml-layout":"","theme-transparent-header-meta":"default","adv-header-id-meta":"","stick-header-meta":"","header-above-stick-meta":"","header-main-stick-meta":"","header-below-stick-meta":"","astra-migrate-meta-layouts":"default","ast-page-background-enabled":"default","ast-page-background-meta":{"desktop":{"background-color":"","background-image":"","background-repeat":"repeat","background-position":"center center","background-size":"auto","background-attachment":"scroll","background-type":"","background-media":"","overlay-type":"","overlay-color":"","overlay-opacity":"","overlay-gradient":""},"tablet":{"background-color":"","background-image":"","background-repeat":"repeat","background-position":"center center","background-size":"auto","background-attachment":"scroll","background-type":"","background-media":"","overlay-type":"","overlay-color":"","overlay-opacity":"","overlay-gradient":""},"mobile":{"background-color":"","background-image":"","background-repeat":"repeat","background-position":"center center","background-size":"auto","background-attachment":"scroll","background-type":"","background-media":"","overlay-type":"","overlay-color":"","overlay-opacity":"","overlay-gradient":""}},"ast-content-background-meta":{"desktop":{"background-color":"var(--ast-global-color-5)","background-image":"","background-repeat":"repeat","background-position":"center center","background-size":"auto","background-attachment":"scroll","background-type":"","background-media":"","overlay-type":"","overlay-color":"","overlay-opacity":"","overlay-gradient":""},"tablet":{"background-color":"var(--ast-global-color-5)","background-image":"","background-repeat":"repeat","background-position":"center center","background-size":"auto","background-attachment":"scroll","background-type":"","background-media":"","overlay-type":"","overlay-color":"","overlay-opacity":"","overlay-gradient":""},"mobile":{"background-color":"var(--ast-global-color-5)","background-image":"","background-repeat":"repeat","background-position":"center center","background-size":"auto","background-attachment":"scroll","background-type":"","background-media":"","overlay-type":"","overlay-color":"","overlay-opacity":"","overlay-gradient":""}}},"product_cat":[39],"product_tag":[],"class_list":{"0":"post-487","1":"product","2":"type-product","3":"status-publish","4":"has-post-thumbnail","6":"product_cat-cardapios","7":"desktop-align-left","8":"tablet-align-left","9":"mobile-align-left","11":"first","12":"outofstock","13":"shipping-taxable","14":"purchasable","15":"product-type-simple"},"jetpack_sharing_enabled":true,"uagb_featured_image_src":{"full":["https:\/\/www.mjp.emp.br\/personalizados\/wp-content\/uploads\/2021\/07\/cardapio-6-paginas-vincado.jpg",768,1024,false],"thumbnail":["https:\/\/www.mjp.emp.br\/personalizados\/wp-content\/uploads\/2021\/07\/cardapio-6-paginas-vincado-150x150.jpg",150,150,true],"medium":["https:\/\/www.mjp.emp.br\/personalizados\/wp-content\/uploads\/2021\/07\/cardapio-6-paginas-vincado-225x300.jpg",225,300,true],"medium_large":["https:\/\/www.mjp.emp.br\/personalizados\/wp-content\/uploads\/2021\/07\/cardapio-6-paginas-vincado.jpg",768,1024,false],"large":["https:\/\/www.mjp.emp.br\/personalizados\/wp-content\/uploads\/2021\/07\/cardapio-6-paginas-vincado.jpg",768,1024,false],"1536x1536":["https:\/\/www.mjp.emp.br\/personalizados\/wp-content\/uploads\/2021\/07\/cardapio-6-paginas-vincado.jpg",768,1024,false],"2048x2048":["https:\/\/www.mjp.emp.br\/personalizados\/wp-content\/uploads\/2021\/07\/cardapio-6-paginas-vincado.jpg",768,1024,false],"woocommerce_thumbnail":["https:\/\/www.mjp.emp.br\/personalizados\/wp-content\/uploads\/2021\/07\/cardapio-6-paginas-vincado-300x300.jpg",300,300,true],"woocommerce_single":["https:\/\/www.mjp.emp.br\/personalizados\/wp-content\/uploads\/2021\/07\/cardapio-6-paginas-vincado-600x800.jpg",600,800,true],"woocommerce_gallery_thumbnail":["https:\/\/www.mjp.emp.br\/personalizados\/wp-content\/uploads\/2021\/07\/cardapio-6-paginas-vincado-100x100.jpg",100,100,true]},"uagb_author_info":{"display_name":"mjpAlvim","author_link":"https:\/\/www.mjp.emp.br\/personalizados\/author\/"},"uagb_comment_info":0,"uagb_excerpt":"Card\u00e1pio com 6 p\u00e1ginas vincado e com lamina\u00e7\u00e3o frente e verso. Tamanho fechado - 13 x 28 cm (tamanho aproximado, pode haver pequenas altera\u00e7\u00f5es). Tamanho aberto - 36 x 28 cm (tamanho aproximado, pode haver pequenas altera\u00e7\u00f5es). Pedido m\u00ednimo de 5 card\u00e1pios. 4 dias \u00fateis para produ\u00e7\u00e3o (ap\u00f3s aprova\u00e7\u00e3o da arte final) &nbsp;","_links":{"self":[{"href":"https:\/\/www.mjp.emp.br\/personalizados\/wp-json\/wp\/v2\/product\/487"}],"collection":[{"href":"https:\/\/www.mjp.emp.br\/personalizados\/wp-json\/wp\/v2\/product"}],"about":[{"href":"https:\/\/www.mjp.emp.br\/personalizados\/wp-json\/wp\/v2\/types\/product"}],"replies":[{"embeddable":true,"href":"https:\/\/www.mjp.emp.br\/personalizados\/wp-json\/wp\/v2\/comments?post=487"}],"wp:featuredmedia":[{"embeddable":true,"href":"https:\/\/www.mjp.emp.br\/personalizados\/wp-json\/wp\/v2\/media\/488"}],"wp:attachment":[{"href":"https:\/\/www.mjp.emp.br\/personalizados\/wp-json\/wp\/v2\/media?parent=487"}],"wp:term":[{"taxonomy":"product_cat","embeddable":true,"href":"https:\/\/www.mjp.emp.br\/personalizados\/wp-json\/wp\/v2\/product_cat?post=487"},{"taxonomy":"product_tag","embeddable":true,"href":"https:\/\/www.mjp.emp.br\/personalizados\/wp-json\/wp\/v2\/product_tag?post=487"}],"curies":[{"name":"wp","href":"https:\/\/api.w.org\/{rel}","templated":true}]}}